

{"id":915,"date":"2015-10-31T00:24:55","date_gmt":"2015-10-30T23:24:55","guid":{"rendered":"http:\/\/soudaqui.cat\/wordpress\/?page_id=915"},"modified":"2015-10-31T00:49:21","modified_gmt":"2015-10-30T23:49:21","slug":"concours-pour-lelaboration-des-billets-et-du-logo","status":"publish","type":"page","link":"https:\/\/soudaqui.cat\/wordpress\/concours-pour-lelaboration-des-billets-et-du-logo\/","title":{"rendered":"Concours pour l\u2019\u00e9laboration des billets et du logo"},"content":{"rendered":"<p align=\"CENTER\"><span style=\"color: #000000;\"><span style=\"font-family: Delicious-SmallCaps,serif;\"><span style=\"font-size: xx-large;\">LE SOUDAQUI, future monnaie des P.O.,<\/span><\/span><\/span><\/p>\n<p align=\"CENTER\"><span style=\"color: #000000;\"><span style=\"font-family: Delicious-SmallCaps,serif;\"><span style=\"font-size: xx-large;\">vous appelle \u00e0 concourir<\/span><\/span><\/span><\/p>\n<p align=\"CENTER\"><span style=\"color: #000000;\"><span style=\"font-family: Delicious-SmallCaps,serif;\"><span style=\"font-size: xx-large;\">pour l\u2019\u00e9laboration des billets et du logo<\/span><\/span><\/span><\/p>\n<p align=\"CENTER\"><span style=\"color: #000000;\"><span style=\"font-family: Calibri-Italic,serif;\"><span style=\"font-size: large;\"><i>Fid\u00e8le \u00e0 sa d\u00e9marche participative, l\u2019association MLC PO, \u00e0 l\u2019initiative du projet, fait appel \u00e0 tous les talents du d\u00e9partement !<\/i><\/span><\/span><\/span><\/p>\n<p align=\"LEFT\"><span style=\"color: #000000;\"><span style=\"font-family: Calibri-Bold,serif;\"><span style=\"font-size: medium;\"><b>Perpignan, le 20 octobre 2015 \u2013 <\/b><\/span><\/span><\/span><span style=\"color: #000000;\"><span style=\"font-family: Calibri,serif;\"><span style=\"font-size: medium;\">Apr\u00e8s une premi\u00e8re mobilisation populaire autour du choix du nom de la future monnaie en juin dernier, l\u2019association porteuse de ce projet choisit de faire de nouveau appel aux habitants pour concevoir un logo et des billets qui repr\u00e9sentent \u00e0 la fois le d\u00e9partement et les valeurs du projet.<\/span><\/span><\/span><\/p>\n<p align=\"LEFT\"><span style=\"color: #000000;\"><span style=\"font-family: Calibri,serif;\"><span style=\"font-size: medium;\">Des valeurs respectueuses de l\u2019humain et de l\u2019environnement, tourn\u00e9es vers la relocalisation de l\u2019\u00e9conomie \u00e0 travers des circuits courts et de qualit\u00e9. Des valeurs qui redonnent du sens \u00e0 l\u2019\u00e9change.<\/span><\/span><\/span><\/p>\n<p align=\"LEFT\"><span style=\"color: #000000;\"><span style=\"font-family: Calibri,serif;\"><span style=\"font-size: medium;\">En pratique, le soudaqui est une monnaie destin\u00e9e \u00e0 circuler dans toute la Catalogne du Nord.<\/span><\/span><\/span><\/p>\n<p align=\"LEFT\"><span style=\"color: #000000;\"><span style=\"font-family: Calibri,serif;\"><span style=\"font-size: medium;\">Les utilisateurs pourront changer des euros contre des soudaquis (1 euro = 1 soudaqui) et pourront les utiliser dans un r\u00e9seau de prestataires locaux \u00e9co\u2010responsables.<\/span><\/span><\/span><\/p>\n<p align=\"LEFT\"><span style=\"color: #000000;\"><span style=\"font-family: Calibri,serif;\"><span style=\"font-size: medium;\">Les euros sont plac\u00e9s dans un fonds de garantie servant \u00e0 financer des projets innovants et \u00e9quitables.<\/span><\/span><\/span><\/p>\n<p align=\"LEFT\"><span style=\"color: #000000;\"><span style=\"font-family: Calibri,serif;\"><span style=\"font-size: medium;\">A la diff\u00e9rence de l\u2019euro, le soudaqui ne peut servir \u00e0 aucune sp\u00e9culation et ne peut alimenter aucun paradis fiscal. Son but est de circuler car, plus une monnaie circule, plus elle cr\u00e9e de richesses.<\/span><\/span><\/span><\/p>\n<p align=\"LEFT\"><span style=\"color: #000000;\"><span style=\"font-family: Calibri,serif;\"><span style=\"font-size: medium;\">Une mani\u00e8re de consommer autrement et de favoriser les \u00e9changes autour de soi.<\/span><\/span><\/span><\/p>\n<p align=\"LEFT\"><span style=\"color: #000000;\"><span style=\"font-family: Calibri,serif;\"><span style=\"font-size: medium;\">Une fois son logo et ses billets trouv\u00e9s, le projet entrera dans une nouvelle phase op\u00e9rationnelle.<\/span><\/span><\/span><\/p>\n<p align=\"LEFT\"><span style=\"color: #000000;\"><span style=\"font-family: Calibri,serif;\"><span style=\"font-size: medium;\">Avant la mise en circulation effective, il faudra formaliser le r\u00e9seau de prestataires au sein duquel la monnaie circulera et trouver le financement pour l\u2019impression et le suivi des billets.<\/span><\/span><\/span><\/p>\n<p align=\"LEFT\"><span style=\"font-size: medium;\"><span style=\"color: #000000;\"><span style=\"font-family: Calibri-Bold,serif;\"><b>Artistes en herbe, amateurs du fusain, du pinceau ou de la photo, aidez\u2010nous \u00e0 personnaliser nos futurs \u00ab soudaquis \u00bb !<\/b><\/span><\/span><\/span><\/p>\n<p align=\"LEFT\"><span style=\"color: #000000;\"><span style=\"font-family: Calibri-Bold,serif;\"><span style=\"font-size: x-large;\"><b>Le concours est ouvert jusqu\u2019au 15 d\u00e9cembre.<\/b><\/span><\/span><\/span><\/p>\n<p align=\"LEFT\"><span style=\"color: #000000;\"><span style=\"font-family: Calibri-Bold,serif;\"><span style=\"font-size: x-large;\"><b>Consultez les r\u00e8gles du concours sur le site : soudaqui.cat<\/b><\/span><\/span><\/span><\/p>\n<p align=\"LEFT\"><span style=\"color: #000000;\"><span style=\"font-family: Calibri-Bold,serif;\"><span style=\"font-size: medium;\"><b>Contacts presse :<\/b><\/span><\/span><\/span><\/p>\n<p align=\"LEFT\"><span style=\"color: #000000;\">\uf0a7 <\/span><span style=\"color: #000000;\"><span style=\"font-family: Calibri,serif;\"><span style=\"font-size: medium;\">Andr\u00e9 Bordas | <\/span><\/span><\/span><span style=\"color: #0000ff;\"><span style=\"font-family: Calibri,serif;\"><span style=\"font-size: medium;\">am.bordas@laposte.net <\/span><\/span><\/span><span style=\"color: #000000;\"><span style=\"font-family: Calibri,serif;\"><span style=\"font-size: medium;\">| 06 13 24 16 57<\/span><\/span><\/span><\/p>\n<p align=\"LEFT\"><span style=\"color: #000000;\">\uf0a7 <\/span><span style=\"color: #000000;\"><span style=\"font-family: Calibri,serif;\"><span style=\"font-size: medium;\">Sandra Essid | <\/span><\/span><\/span><span style=\"color: #0000ff;\"><span style=\"font-family: Calibri,serif;\"><span style=\"font-size: medium;\">sandra.essid@gmail.com <\/span><\/span><\/span><span style=\"color: #000000;\"><span style=\"font-family: Calibri,serif;\"><span style=\"font-size: medium;\">| 06 95 60 44 69<\/span><\/span><\/span><\/p>\n","protected":false},"excerpt":{"rendered":"<p>LE SOUDAQUI, future monnaie des P.O., vous appelle \u00e0 concourir pour l\u2019\u00e9laboration des billets et du logo Fid\u00e8le \u00e0 sa d\u00e9marche participative, l\u2019association MLC PO, \u00e0 l\u2019initiative du projet, fait appel \u00e0 tous les talents du d\u00e9partement ! Perpignan, le 20 octobre 2015 \u2013 Apr\u00e8s une premi\u00e8re mobilisation populaire autour du choix du nom de&hellip;&nbsp;<a href=\"https:\/\/soudaqui.cat\/wordpress\/concours-pour-lelaboration-des-billets-et-du-logo\/\" rel=\"bookmark\">Lire la suite &raquo;<span class=\"screen-reader-text\">Concours pour l\u2019\u00e9laboration des billets et du logo<\/span><\/a><\/p>\n","protected":false},"author":1,"featured_media":0,"parent":0,"menu_order":0,"comment_status":"closed","ping_status":"closed","template":"","meta":{"neve_meta_sidebar":"","neve_meta_container":"","neve_meta_enable_content_width":"","neve_meta_content_width":0,"neve_meta_title_alignment":"","neve_meta_author_avatar":"","neve_post_elements_order":"","neve_meta_disable_header":"","neve_meta_disable_footer":"","neve_meta_disable_title":"","footnotes":""},"class_list":["post-915","page","type-page","status-publish","hentry"],"jetpack_shortlink":"https:\/\/wp.me\/P68UOj-eL","jetpack_sharing_enabled":true,"_links":{"self":[{"href":"https:\/\/soudaqui.cat\/wordpress\/wp-json\/wp\/v2\/pages\/915","targetHints":{"allow":["GET"]}}],"collection":[{"href":"https:\/\/soudaqui.cat\/wordpress\/wp-json\/wp\/v2\/pages"}],"about":[{"href":"https:\/\/soudaqui.cat\/wordpress\/wp-json\/wp\/v2\/types\/page"}],"author":[{"embeddable":true,"href":"https:\/\/soudaqui.cat\/wordpress\/wp-json\/wp\/v2\/users\/1"}],"replies":[{"embeddable":true,"href":"https:\/\/soudaqui.cat\/wordpress\/wp-json\/wp\/v2\/comments?post=915"}],"version-history":[{"count":4,"href":"https:\/\/soudaqui.cat\/wordpress\/wp-json\/wp\/v2\/pages\/915\/revisions"}],"predecessor-version":[{"id":926,"href":"https:\/\/soudaqui.cat\/wordpress\/wp-json\/wp\/v2\/pages\/915\/revisions\/926"}],"wp:attachment":[{"href":"https:\/\/soudaqui.cat\/wordpress\/wp-json\/wp\/v2\/media?parent=915"}],"curies":[{"name":"wp","href":"https:\/\/api.w.org\/{rel}","templated":true}]}}