

{"id":75,"date":"2015-02-24T23:21:35","date_gmt":"2015-02-24T23:21:35","guid":{"rendered":"http:\/\/monnaielocale66.fr\/wordpress\/?page_id=75"},"modified":"2016-05-08T20:34:09","modified_gmt":"2016-05-08T19:34:09","slug":"mentions-legales","status":"publish","type":"page","link":"https:\/\/soudaqui.cat\/wordpress\/mentions-legales\/","title":{"rendered":"Mentions l\u00e9gales"},"content":{"rendered":"<div class=\"\">\u00a0<\/div>\n<div id=\"magicdomid3\" class=\"\">\u00a0<\/div>\n<div id=\"magicdomid6\" class=\"\"><span class=\"author-g-wxz122z8pschll5ra9gz122z\">Vendredi 17<\/span> <span class=\"author-g-wxz122z8pschll5ra9gz122z\">Avril<\/span><span class=\"\"><span class=\"\"> 2015<\/span><\/span><\/p>\n<p>\u00c9DITEUR<\/p>\n<\/div>\n<div id=\"magicdomid7\" class=\"\"><span class=\"\">Vous \u00eates actuellement connect\u00e9 au site web de l&#8217;association &#8220;MLC PO&#8221;<\/span><\/div>\n<div id=\"magicdomid8\" class=\"\"><span class=\"\">(Association Monnaie Locale Compl\u00e9mentaire \u00e9thique, sociale et solidaire dans les Pyr\u00e9n\u00e9es-Orientales)<\/span><\/div>\n<div id=\"magicdomid9\" class=\"\"><span class=\"\">Num\u00e9ro de d\u00e9claration W662007073<\/span><\/div>\n<div id=\"magicdomid10\" class=\"\"><span class=\"\">MLC PO, 10 r Augustin Pajou 66000 PERPIGNAN<\/span><\/div>\n<div id=\"magicdomid13\" class=\"\"><span class=\"\"><span class=\"\">Directeur de la publication : MLC PO<\/span><\/span><\/p>\n<p>H\u00c9BERGEMENT<\/p>\n<\/div>\n<div id=\"magicdomid16\" class=\"\"><span class=\"\">Ce site est h\u00e9berg\u00e9 par<\/span><span class=\"author-g-wxz122z8pschll5ra9gz122z\"><span class=\"author-g-wxz122z8pschll5ra9gz122z\"> OVH<\/span><\/span><\/p>\n<p><span class=\"\">PROTECTION DES DONN\u00c9ES PERSONNELLES<\/span><\/p>\n<\/div>\n<div id=\"magicdomid19\" class=\"\"><span class=\"\"><span class=\"\">Les informations ne sont collect\u00e9es qu\u2019\u00e0 des fins de gestion de votre\u00a0 demande et de statistiques internes \u00e0 l\u2019association MLC PO.\u00a0 Aucune information personnelle n\u2019est collect\u00e9e \u00e0 votre insu ni c\u00e9d\u00e9e \u00e0\u00a0 des tiers.<\/span><\/span><\/p>\n<p>INFORMATIONS NOMINATIVES<\/p>\n<\/div>\n<div id=\"magicdomid22\" class=\"\"><span class=\"\"><span class=\"\">En application des articles 39 et suivants de la loi du 6 janvier 1978 modifi\u00e9e, vous b\u00e9n\u00e9ficiez d\u2019un droit d\u2019acc\u00e8s et de rectification\u00a0 aux informations qui vous concernent. Si vous souhaitez exercer ce\u00a0 droit, contactez l\u2019\u00e9quipe de la MLC PO (cf. rubrique Contact). Les personnes concern\u00e9es ont \u00e9t\u00e9 inform\u00e9es de leurs droits. Le\u00a0 droit d\u2019acc\u00e8s est imm\u00e9diat sur le site. Le droit de rectification\u00a0 s\u2019exerce aupr\u00e8s du webmestre.<\/span><\/span><\/p>\n<p>DROITS D\u2019AUTEUR &#8211; COPYRIGHT<\/p>\n<\/div>\n<div id=\"magicdomid51\" class=\"ace-line\"><span class=\"\">L\u2019ensemble de ce site rel\u00e8ve de la l\u00e9gislation fran\u00e7aise et internationale sur le droit d\u2019auteur et la propri\u00e9t\u00e9 intellectuelle. Tous les droits de reproduction sont r\u00e9serv\u00e9s, y compris pour les\u00a0 documents t\u00e9l\u00e9chargeables et les repr\u00e9sentations iconographiques et\u00a0 photographiques. La reproduction de tout ou partie de ce site sur un\u00a0 support \u00e9lectronique quel qu\u2019il soit est formellement interdite sauf autorisation expresse du directeur de la publication. La reproduction\u00a0 des textes de ce site sur un support papier est autoris\u00e9e, tout\u00a0 particuli\u00e8rement dans le cadre p\u00e9dagogique, sous r\u00e9serve du respect des trois conditions suivantes :\u00a0<\/span><\/div>\n<div id=\"magicdomid24\" class=\"\"><span class=\"\">&#8211; gratuit\u00e9 de la diffusion,\u00a0<\/span><\/div>\n<div id=\"magicdomid25\" class=\"\"><span class=\"\">&#8211; respect de l\u2019int\u00e9grit\u00e9 des documents reproduits: pas de modification ni alt\u00e9ration d\u2019aucune sorte,\u00a0<\/span><\/div>\n<div id=\"magicdomid26\" class=\"\"><span class=\"\">&#8211; citation claire et lisible de la source sous la forme suivante<\/span><\/div>\n<div id=\"magicdomid54\" class=\"ace-line\"><span class=\"\">Exemple: &#8220;Ce document provient du site internet de l&#8217;association &#8220;MLC PO&#8221; <\/span><a href=\"http:\/\/soudaqui.cat\"><span class=\" url\">http:\/\/souda<\/span><span class=\"author-g-wxz122z8pschll5ra9gz122z url\">qui<\/span><span class=\" url\">.cat<\/span><\/a><span class=\"\"><a href=\"http:\/\/soudaqui.cat\">.<\/a> Les droits de reproduction sont r\u00e9serv\u00e9s et strictement limit\u00e9s&#8221;.<\/span><\/div>\n<div id=\"magicdomid28\" class=\"\"><span class=\"\">L\u2019adresse internet du site de la MLC doit imp\u00e9rativement\u00a0 figurer dans la r\u00e9f\u00e9rence. Pour d\u2019autres utilisations, veuillez\u00a0 contacter le responsable du site.<\/span><\/div>\n","protected":false},"excerpt":{"rendered":"<p>\u00a0 \u00a0 Vendredi 17 Avril 2015 \u00c9DITEUR Vous \u00eates actuellement connect\u00e9 au site web de l&#8217;association &#8220;MLC PO&#8221; (Association Monnaie Locale Compl\u00e9mentaire \u00e9thique, sociale et solidaire dans les Pyr\u00e9n\u00e9es-Orientales) Num\u00e9ro de d\u00e9claration W662007073 MLC PO, 10 r Augustin Pajou 66000 PERPIGNAN Directeur de la publication : MLC PO H\u00c9BERGEMENT Ce site est h\u00e9berg\u00e9 par OVH&hellip;&nbsp;<a href=\"https:\/\/soudaqui.cat\/wordpress\/mentions-legales\/\" rel=\"bookmark\">Read More &raquo;<span class=\"screen-reader-text\">Mentions l\u00e9gales<\/span><\/a><\/p>\n","protected":false},"author":1,"featured_media":0,"parent":0,"menu_order":0,"comment_status":"closed","ping_status":"open","template":"","meta":{"neve_meta_sidebar":"","neve_meta_container":"","neve_meta_enable_content_width":"","neve_meta_content_width":0,"neve_meta_title_alignment":"","neve_meta_author_avatar":"","neve_post_elements_order":"","neve_meta_disable_header":"","neve_meta_disable_footer":"","neve_meta_disable_title":"","jetpack_post_was_ever_published":false,"footnotes":""},"class_list":["post-75","page","type-page","status-publish","hentry"],"jetpack_shortlink":"https:\/\/wp.me\/P68UOj-1d","jetpack_sharing_enabled":true,"_links":{"self":[{"href":"https:\/\/soudaqui.cat\/wordpress\/wp-json\/wp\/v2\/pages\/75","targetHints":{"allow":["GET"]}}],"collection":[{"href":"https:\/\/soudaqui.cat\/wordpress\/wp-json\/wp\/v2\/pages"}],"about":[{"href":"https:\/\/soudaqui.cat\/wordpress\/wp-json\/wp\/v2\/types\/page"}],"author":[{"embeddable":true,"href":"https:\/\/soudaqui.cat\/wordpress\/wp-json\/wp\/v2\/users\/1"}],"replies":[{"embeddable":true,"href":"https:\/\/soudaqui.cat\/wordpress\/wp-json\/wp\/v2\/comments?post=75"}],"version-history":[{"count":6,"href":"https:\/\/soudaqui.cat\/wordpress\/wp-json\/wp\/v2\/pages\/75\/revisions"}],"predecessor-version":[{"id":938,"href":"https:\/\/soudaqui.cat\/wordpress\/wp-json\/wp\/v2\/pages\/75\/revisions\/938"}],"wp:attachment":[{"href":"https:\/\/soudaqui.cat\/wordpress\/wp-json\/wp\/v2\/media?parent=75"}],"curies":[{"name":"wp","href":"https:\/\/api.w.org\/{rel}","templated":true}]}}