

{"id":69,"date":"2015-02-24T23:20:51","date_gmt":"2015-02-24T23:20:51","guid":{"rendered":"http:\/\/monnaielocale66.fr\/wordpress\/?page_id=69"},"modified":"2015-07-31T17:57:49","modified_gmt":"2015-07-31T16:57:49","slug":"soutiens","status":"publish","type":"page","link":"https:\/\/soudaqui.cat\/wordpress\/soutiens\/","title":{"rendered":"Initiatives proches"},"content":{"rendered":"<p>&nbsp;<\/p>\n<h4>Le r\u00e9seau des MLC<br \/> <a href=\"http:\/\/monnaie-locale-complementaire.net\/\" target=\"_blank\">http:\/\/monnaie-locale-complementaire.net\/<\/a><\/h4>\n<h4>\u00a0<\/h4>\n<h4>Les SEL de France<br \/> <a href=\"http:\/\/selidaire.org\/\" target=\"_blank\">http:\/\/selidaire.org\/<\/a><\/h4>\n<h4>\u00a0<\/h4>\n<h4>Colibris<br \/> <a href=\"http:\/\/www.colibris-lemouvement.org\/agir\/guide-tnt\/creer-une-monnaie-locale\" target=\"_blank\">http:\/\/www.colibris-lemouvement.org\/agir\/guide-tnt\/creer-une-monnaie-locale<\/a><\/h4>\n<h4>\u00a0<\/h4>\n<h4><strong>Une monnaie exp\u00e9rimentale: virtuelle et subversive<\/strong><br \/> <a href=\"http:\/\/merome.net\/monnaiem\/\" target=\"_blank\">http:\/\/merome.net\/monnaiem\/<\/a><\/h4>\n<h4>\u00a0<\/h4>\n<h4>Le Pays Pyr\u00e9n\u00e9es-M\u00e9diterran\u00e9e<br \/> <a href=\"http:\/\/www.payspyreneesmediterranee.org\/\" target=\"_blank\">http:\/\/www.payspyreneesmediterranee.org\/<\/a><\/h4>\n<p>&nbsp;<\/p>\n","protected":false},"excerpt":{"rendered":"<p>&nbsp; Le r\u00e9seau des MLC http:\/\/monnaie-locale-complementaire.net\/ \u00a0 Les SEL de France http:\/\/selidaire.org\/ \u00a0 Colibris http:\/\/www.colibris-lemouvement.org\/agir\/guide-tnt\/creer-une-monnaie-locale \u00a0 Une monnaie exp\u00e9rimentale: virtuelle et subversive http:\/\/merome.net\/monnaiem\/ \u00a0 Le Pays Pyr\u00e9n\u00e9es-M\u00e9diterran\u00e9e http:\/\/www.payspyreneesmediterranee.org\/ &nbsp;<\/p>\n","protected":false},"author":1,"featured_media":0,"parent":0,"menu_order":0,"comment_status":"closed","ping_status":"open","template":"","meta":{"neve_meta_sidebar":"","neve_meta_container":"","neve_meta_enable_content_width":"","neve_meta_content_width":0,"neve_meta_title_alignment":"","neve_meta_author_avatar":"","neve_post_elements_order":"","neve_meta_disable_header":"","neve_meta_disable_footer":"","neve_meta_disable_title":"","footnotes":""},"class_list":["post-69","page","type-page","status-publish","hentry"],"jetpack_shortlink":"https:\/\/wp.me\/P68UOj-17","jetpack_sharing_enabled":true,"_links":{"self":[{"href":"https:\/\/soudaqui.cat\/wordpress\/wp-json\/wp\/v2\/pages\/69","targetHints":{"allow":["GET"]}}],"collection":[{"href":"https:\/\/soudaqui.cat\/wordpress\/wp-json\/wp\/v2\/pages"}],"about":[{"href":"https:\/\/soudaqui.cat\/wordpress\/wp-json\/wp\/v2\/types\/page"}],"author":[{"embeddable":true,"href":"https:\/\/soudaqui.cat\/wordpress\/wp-json\/wp\/v2\/users\/1"}],"replies":[{"embeddable":true,"href":"https:\/\/soudaqui.cat\/wordpress\/wp-json\/wp\/v2\/comments?post=69"}],"version-history":[{"count":11,"href":"https:\/\/soudaqui.cat\/wordpress\/wp-json\/wp\/v2\/pages\/69\/revisions"}],"predecessor-version":[{"id":795,"href":"https:\/\/soudaqui.cat\/wordpress\/wp-json\/wp\/v2\/pages\/69\/revisions\/795"}],"wp:attachment":[{"href":"https:\/\/soudaqui.cat\/wordpress\/wp-json\/wp\/v2\/media?parent=69"}],"curies":[{"name":"wp","href":"https:\/\/api.w.org\/{rel}","templated":true}]}}