

{"id":658,"date":"2015-05-08T10:00:06","date_gmt":"2015-05-08T09:00:06","guid":{"rendered":"http:\/\/monnaielocalepo.fr\/wordpress\/?page_id=658"},"modified":"2016-05-08T20:29:59","modified_gmt":"2016-05-08T19:29:59","slug":"communique-de-presse","status":"publish","type":"page","link":"https:\/\/soudaqui.cat\/wordpress\/communique-de-presse\/","title":{"rendered":"Une Monnaie Locale Compl\u00e9mentaire dans les PO ! Et pourquoi pas ?"},"content":{"rendered":"<h3 class=\"Heading_20_3\">Une monnaie locale compl\u00e9mentaire (MLC), c\u2019est quoi ?<\/h3>\n<ul>\n<li>\n<p class=\"P15\" style=\"margin-left: 0cm;\">C\u2019est un moyen de paiement \u00e9thique et solidaire, circulant dans une ville ou zone g\u00e9ographique d\u00e9limit\u00e9e (dans notre cas, ce sera le d\u00e9partement des P-O), sous forme de coupons de diff\u00e9rentes valeurs (coupons de 1, 2, 5, 10\u2026unit\u00e9s).<\/p>\n<\/li>\n<li>\n<p class=\"P15\" style=\"margin-left: 0cm;\">Chaque unit\u00e9 MLC a une valeur nominale d\u2019un Euro. Elle s\u2019acquiert en \u00e9change d\u2019Euros aupr\u00e8s des comptoirs d\u2019\u00e9change qui seront mis en place lors du lancement de la monnaie ;<\/p>\n<\/li>\n<\/ul>\n<h3 class=\"Heading_20_3\">Une monnaie locale compl\u00e9mentaire, pourquoi ?<\/h3>\n<ul>\n<li>\n<p class=\"P16\" style=\"margin-left: 0cm;\">Donner priorit\u00e9 \u00e0 la <span class=\"T1\">production et aux services locaux<\/span>, les circuits courts et directs, et donc redynamiser le d\u00e9veloppement \u00e9conomique ainsi que <span class=\"T1\">l\u2019emploi local<\/span> ;<\/p>\n<\/li>\n<li>\n<p class=\"P16\" style=\"margin-left: 0cm;\">Orienter la consommation de mani\u00e8re \u00e0 la rendre plus <span class=\"T9\">\u00ab<\/span> <span class=\"T9\">responsable<\/span> <span class=\"T9\">\u00bb <\/span>: contribuer \u00e0 <span class=\"T1\">pr\u00e9server l\u2019environnement<\/span>, d\u2019une part en r\u00e9duisant les transports, d\u2019autre part en ouvrant le r\u00e9seau aux prestataires bio (commer\u00e7ants et producteurs) ou s\u2019engageant dans une d\u00e9marche plus respectueuse de la nature ;<\/p>\n<\/li>\n<li>\n<p class=\"P16\" style=\"margin-left: 0cm;\">Soutenir des projets professionnels et associatifs locaux : les euros \u00e9chang\u00e9s contre des MLC constituent un fond qui peut alimenter des micro-cr\u00e9dits pour soutenir <span class=\"T1\">l\u2019\u00e9conomie locale<\/span><\/p>\n<\/li>\n<li>\n<p class=\"P16\" style=\"margin-left: 0cm;\">G\u00e9n\u00e9rer du d\u00e9veloppement humain et du <span class=\"T1\">d\u00e9veloppement social<\/span> : le r\u00e9seau MLC est cr\u00e9ateur de liens entre consommateurs et producteurs, dans et par l\u2019\u00e9change ; il permet \u00e0 chacun de mieux comprendre comment se cr\u00e9e, fonctionne et circule la monnaie ;<\/p>\n<\/li>\n<li>\n<p class=\"P16\" style=\"margin-left: 0cm;\">Redonner son sens \u00e0 la monnaie : la MLC circule beaucoup plus rapidement que l\u2019Euro, dynamise les \u00e9changes au b\u00e9n\u00e9fice des populations ; elle ne sert pas \u00e0 accumuler les richesses ni \u00e0 sp\u00e9culer sur les march\u00e9s financiers ;<\/p>\n<\/li>\n<\/ul>\n<h3 class=\"Heading_20_3\">Qui participe ?<\/h3>\n<ul>\n<li>\n<p class=\"P17\" style=\"margin-left: 0cm;\">Une MLC ne peut circuler qu\u2019au sein du r\u00e9seau d\u2019adh\u00e9rents \u00e0 l\u2019association fondatrice de la monnaie (dans notre cas, l\u2019association MLC P-O) ; qu\u2019ils soient consommateurs ou prestataires (commer\u00e7ants et producteurs), les utilisateurs de la Monnaie locale adh\u00e8rent \u00e0 la Charte et aux crit\u00e8res de fonctionnement de la monnaie ;<\/p>\n<\/li>\n<li>\n<p class=\"P17\" style=\"margin-left: 0cm;\">L\u2019adh\u00e9sion \u00e0 un r\u00e9seau est en effet une obligation l\u00e9gale pour pouvoir utiliser un titre de paiement autre que l\u2019euro (\u00e0 l\u2019identique des bons cadeaux ou ch\u00e8ques restaurant\u2026)<\/p>\n<\/li>\n<\/ul>\n<h3 class=\"Heading_20_3\">Quel int\u00e9r\u00eat pour l\u2019utilisateur-consommateur ?<\/h3>\n<p class=\"Normal_20__28_Web_29_\">Utiliser une monnaie locale est avant tout un engagement :<\/p>\n<ul>\n<li>\n<p class=\"P18\" style=\"margin-left: 0cm;\">\u00eatre acteur de ses conditions de vie par ses choix de consommation (en privil\u00e9giant les productions et services locaux, une nourriture plus saine\u2026)<\/p>\n<\/li>\n<li>\n<p class=\"P18\" style=\"margin-left: 0cm;\">participer au d\u00e9veloppement de l\u2019activit\u00e9 et de l\u2019emploi dans sa r\u00e9gion.<\/p>\n<\/li>\n<li>\n<p class=\"P18\" style=\"margin-left: 0cm;\">et tout simplement mieux vivre ensemble : <span class=\"T10\">c\u2019est une d\u00e9marche collective, bas\u00e9e sur la solidarit\u00e9 de tous les acteurs de la vie \u00e9conomique<\/span><span class=\"T9\">, <\/span>dans un environnement local vivant, actif et solidaire. C\u2019est une autre \u00e9conomie qui s\u2019\u00e9bauche ainsi, <span class=\"T1\">associant la production de richesse marchande \u00e0 la production de richesse humaine.<\/span><\/p>\n<\/li>\n<\/ul>\n<h3 class=\"Heading_20_3\">Le contexte actuel :<\/h3>\n<p class=\"P22\">Les monnaies locales compl\u00e9mentaires se multiplient en France depuis 5 ans, enlevant le monopole de la monnaie aux banques et aux Etats ; la loi relative \u00e0 l\u2019Economie sociale et solidaire (<span class=\"caps\">ESS<\/span>) de juillet 2014, consacre la reconnaissance l\u00e9gale de ces monnaies.<\/p>\n<p class=\"P22\">Les initiatives se sont multipli\u00e9es au point qu\u2019une trentaine de monnaies circulent aujourd\u2019hui sur le territoire (On peut citer : l\u2019Eusko en pays Basque, le Sol-Violette \u00e0 Toulouse, la P\u00eache \u00e0 Montreuil, le Galleco en Bretagne\u2026et plus pr\u00e8s de nous, le Cers \u00e0 Narbonne, le Pyr\u00e8ne en Ari\u00e8ge )<\/p>\n<p class=\"P21\">Les masses mon\u00e9taires en circulation sont encore tr\u00e8s faibles (quelques dizaines de milliers d\u2019euros). Mais certains projets comme <a href=\"http:\/\/www.reporterre.net\/La-monnaie-locale-ca-marche\"><span class=\"Internet_20_link\">l\u2019eusko au Pays Basque<\/span><\/a>, lanc\u00e9 il y a deux ans, montrent que leur dynamisme peut \u00eatre tr\u00e8s puissant en termes d\u2019appartenance \u00e0 une identit\u00e9 territoriale valorisante.<\/p>\n<h3 class=\"Heading_20_3\">Notre projet de MLC pour les PO :<\/h3>\n<p class=\"Normal_20__28_Web_29_\">D\u00e9but 2015, le groupe de lancement a cr\u00e9\u00e9 l\u2019association porteuse du projet et a \u00e9labor\u00e9 la charte \u00e9thique. Mais pour entrer dans sa phase op\u00e9rationnelle, le projet devra \u00eatre port\u00e9 par un groupe plus important de citoyens et d&#8217;entrepreneurs motiv\u00e9s qui seront les acteurs du d\u00e9veloppement de cette monnaie. C\u2019est avec votre engagement que nous d\u00e9finirons les r\u00e8gles du jeu de la monnaie, que nous trouverons le financement pour l\u2019impression des billets, que nous ferons conna\u00eetre et promouvoir notre monnaie !<\/p>\n<p class=\"P20\"><strong>Mais avant de pouvoir lancer le marathon de la cr\u00e9ation de la monnaie, il faut d&#8217;abord lui trouver un nom! Un nom qui l\u2019associera \u00e0 notre identit\u00e9 territoriale des Pyr\u00e9n\u00e9es-Orientales !<\/strong><\/p>\n<p class=\"Normal_20__28_Web_29_\"><span class=\"T1\"><br \/>\n<\/span>C&#8217;est pourquoi nous faisons appel \u00e0 votre imagination. Envoyez-nous, avant fin mai, vos propositions par mail \u00e0 l&#8217;adresse contact : <span class=\"Internet_20_link\"> contact@souda<\/span><span class=\"author-g-wxz122z8pschll5ra9gz122z\">qui<\/span><span class=\"\">.cat<\/span>.<\/p>\n<p class=\"P5\">Vous pourrez ensuite faire votre choix dans la liste qui sera publi\u00e9e sur notre site internet d\u00e9but juin. Le nom choisi sera d\u00e9voil\u00e9 lors d\u2019un ap\u00e9ritif d\u00eenatoire auquel vous serez convi\u00e9s ;<\/p>\n<p class=\"P5\">\u00a0<\/p>\n<p class=\"P5\">Soyez nombreux \u00e0 participer \u00e0 ce projet !<\/p>\n<p class=\"P3\"><span class=\"T6\">Pour en savoir plus et vous faire conna\u00eetre, rendez-vous sur le site : <\/span><a href=\"http:\/\/soudaqui.cat\/\"><span class=\"Internet_20_link\"><span class=\"T7\">http:\/\/soudaqui.cat\/<\/span><\/span><\/a><\/p>\n<p class=\"P6\">\u00a0<\/p>\n<p class=\"P2\"><em><span class=\"T8\"> Le Groupe de lancement (association Monnaie Locale Compl\u00e9mentaire P-O)<\/span><\/em><\/p>\n<p><!--Next 'div' was a 'text:p'.--><\/p>\n<div class=\"P3\"><!--Next '<br \/>\n\n\t\t\tspan' is a draw:frame.<br \/>\n\n\t\t--><span id=\"images1\" class=\"fr1\" style=\"height: 4.334cm; width: 6.668cm; padding: 0;\"><\/span><\/div>\n<div style=\"clear: both; line-height: 0; width: 0; height: 0; margin: 0; padding: 0;\">\u00a0<\/div>\n","protected":false},"excerpt":{"rendered":"<p>Une monnaie locale compl\u00e9mentaire (MLC), c\u2019est quoi ? C\u2019est un moyen de paiement \u00e9thique et solidaire, circulant dans une ville ou zone g\u00e9ographique d\u00e9limit\u00e9e (dans notre cas, ce sera le d\u00e9partement des P-O), sous forme de coupons de diff\u00e9rentes valeurs (coupons de 1, 2, 5, 10\u2026unit\u00e9s). Chaque unit\u00e9 MLC a une valeur nominale d\u2019un Euro.&hellip;&nbsp;<a href=\"https:\/\/soudaqui.cat\/wordpress\/communique-de-presse\/\" rel=\"bookmark\">Lire la suite &raquo;<span class=\"screen-reader-text\">Une Monnaie Locale Compl\u00e9mentaire dans les PO ! Et pourquoi pas ?<\/span><\/a><\/p>\n","protected":false},"author":1,"featured_media":0,"parent":0,"menu_order":0,"comment_status":"closed","ping_status":"open","template":"","meta":{"neve_meta_sidebar":"","neve_meta_container":"","neve_meta_enable_content_width":"","neve_meta_content_width":0,"neve_meta_title_alignment":"","neve_meta_author_avatar":"","neve_post_elements_order":"","neve_meta_disable_header":"","neve_meta_disable_footer":"","neve_meta_disable_title":"","footnotes":""},"class_list":["post-658","page","type-page","status-publish","hentry"],"jetpack_shortlink":"https:\/\/wp.me\/P68UOj-aC","jetpack_sharing_enabled":true,"_links":{"self":[{"href":"https:\/\/soudaqui.cat\/wordpress\/wp-json\/wp\/v2\/pages\/658","targetHints":{"allow":["GET"]}}],"collection":[{"href":"https:\/\/soudaqui.cat\/wordpress\/wp-json\/wp\/v2\/pages"}],"about":[{"href":"https:\/\/soudaqui.cat\/wordpress\/wp-json\/wp\/v2\/types\/page"}],"author":[{"embeddable":true,"href":"https:\/\/soudaqui.cat\/wordpress\/wp-json\/wp\/v2\/users\/1"}],"replies":[{"embeddable":true,"href":"https:\/\/soudaqui.cat\/wordpress\/wp-json\/wp\/v2\/comments?post=658"}],"version-history":[{"count":26,"href":"https:\/\/soudaqui.cat\/wordpress\/wp-json\/wp\/v2\/pages\/658\/revisions"}],"predecessor-version":[{"id":936,"href":"https:\/\/soudaqui.cat\/wordpress\/wp-json\/wp\/v2\/pages\/658\/revisions\/936"}],"wp:attachment":[{"href":"https:\/\/soudaqui.cat\/wordpress\/wp-json\/wp\/v2\/media?parent=658"}],"curies":[{"name":"wp","href":"https:\/\/api.w.org\/{rel}","templated":true}]}}