

{"id":59,"date":"2015-02-24T23:19:06","date_gmt":"2015-02-24T23:19:06","guid":{"rendered":"http:\/\/monnaielocale66.fr\/wordpress\/?page_id=59"},"modified":"2020-05-01T22:12:12","modified_gmt":"2020-05-01T20:12:12","slug":"participez-aux-colleges","status":"publish","type":"page","link":"https:\/\/soudaqui.cat\/wordpress\/participez-aux-colleges\/","title":{"rendered":"Participer aux coll\u00e8ges"},"content":{"rendered":"<section class=\"article-content\">\n<div class=\"\"><\/div>\n<div id=\"magicdomid7\" class=\"\"><span class=\"\"><span class=\"\">Si vous \u00eates adh\u00e9rent, prestataire ou partenaire, vous pouvez participer au coll\u00e8ge correspondant. (Une personne ne peut adh\u00e9rer qu\u2019\u00e0 un seul coll\u00e8ge.)<\/span><\/span><\/p>\n<p>Lors de l&#8217;AG, chaque coll\u00e8ge \u00e9lit des membres appel\u00e9s \u00e0 se r\u00e9unir r\u00e9guli\u00e8rement pour le repr\u00e9senter.<\/p>\n<\/div>\n<div id=\"magicdomid12\" class=\"\">De m\u00eame, un ou deux membres de chaque coll\u00e8ge seront \u00e9lus d\u00e9l\u00e9gu\u00e9s pour les r\u00e9unions inter-coll\u00e8ges (le 4\u00e8me \u00e9tant celui des membres fondateurs).<\/p>\n<p><span class=\"\">Pour plus de d\u00e9tails, voir les statuts de l\u2019association: <\/span><span class=\" url\"><a href=\"http:\/\/www.soudaqui.cat\/pdf\/statuts\/statuts_mlcpo.pdf\">http:\/\/www.soudaqui.cat\/pdf\/statuts\/statuts_mlcpo.pdf<\/a><\/span><\/p>\n<p><span class=\"b\"><b>Vous pouvez aussi rejoindre d\u00e8s maintenant les membres fondateurs, en tant que membre actif.<\/b><\/span><\/p>\n<\/div>\n<div class=\"\"><span class=\"\">Nos r\u00e9unions sont mensuelles, en alternance \u00e0 Perpignan et Prades<\/span><span class=\"author-g-mkdbxxl2cw2h33jl\">. <\/span><\/div>\n<div class=\"\"><span class=\"\">Pour demander \u00e0 participer \u00e0 un coll\u00e8ge, contactez-nous: contact@souda<\/span><span class=\"author-g-wxz122z8pschll5ra9gz122z\">qui<\/span><span class=\"\"><span class=\"\">.cat<\/span><\/span><\/p>\n<\/p>\n<p><span class=\"b\"><b>Merci pour votre implication!<\/b><\/span><\/p>\n<\/div>\n<div id=\"magicdomid13\" class=\"\">\n<h3><span style=\"color: #99cc00;\">Parlez-en autour de vous!<\/span><\/h3>\n<\/div>\n<\/section>\n","protected":false},"excerpt":{"rendered":"<p>Si vous \u00eates adh\u00e9rent, prestataire ou partenaire, vous pouvez participer au coll\u00e8ge correspondant. (Une personne ne peut adh\u00e9rer qu\u2019\u00e0 un seul coll\u00e8ge.) Lors de l&#8217;AG, chaque coll\u00e8ge \u00e9lit des membres appel\u00e9s \u00e0 se r\u00e9unir r\u00e9guli\u00e8rement pour le repr\u00e9senter. De m\u00eame, un ou deux membres de chaque coll\u00e8ge seront \u00e9lus d\u00e9l\u00e9gu\u00e9s pour les r\u00e9unions inter-coll\u00e8ges (le&hellip;&nbsp;<a href=\"https:\/\/soudaqui.cat\/wordpress\/participez-aux-colleges\/\" rel=\"bookmark\">Read More &raquo;<span class=\"screen-reader-text\">Participer aux coll\u00e8ges<\/span><\/a><\/p>\n","protected":false},"author":1,"featured_media":0,"parent":0,"menu_order":0,"comment_status":"closed","ping_status":"open","template":"","meta":{"neve_meta_sidebar":"","neve_meta_container":"","neve_meta_enable_content_width":"","neve_meta_content_width":0,"neve_meta_title_alignment":"","neve_meta_author_avatar":"","neve_post_elements_order":"","neve_meta_disable_header":"","neve_meta_disable_footer":"","neve_meta_disable_title":"","jetpack_post_was_ever_published":false,"footnotes":""},"class_list":["post-59","page","type-page","status-publish","hentry"],"jetpack_shortlink":"https:\/\/wp.me\/P68UOj-X","jetpack_sharing_enabled":true,"_links":{"self":[{"href":"https:\/\/soudaqui.cat\/wordpress\/wp-json\/wp\/v2\/pages\/59","targetHints":{"allow":["GET"]}}],"collection":[{"href":"https:\/\/soudaqui.cat\/wordpress\/wp-json\/wp\/v2\/pages"}],"about":[{"href":"https:\/\/soudaqui.cat\/wordpress\/wp-json\/wp\/v2\/types\/page"}],"author":[{"embeddable":true,"href":"https:\/\/soudaqui.cat\/wordpress\/wp-json\/wp\/v2\/users\/1"}],"replies":[{"embeddable":true,"href":"https:\/\/soudaqui.cat\/wordpress\/wp-json\/wp\/v2\/comments?post=59"}],"version-history":[{"count":23,"href":"https:\/\/soudaqui.cat\/wordpress\/wp-json\/wp\/v2\/pages\/59\/revisions"}],"predecessor-version":[{"id":1590,"href":"https:\/\/soudaqui.cat\/wordpress\/wp-json\/wp\/v2\/pages\/59\/revisions\/1590"}],"wp:attachment":[{"href":"https:\/\/soudaqui.cat\/wordpress\/wp-json\/wp\/v2\/media?parent=59"}],"curies":[{"name":"wp","href":"https:\/\/api.w.org\/{rel}","templated":true}]}}