

{"id":57,"date":"2015-02-24T23:18:51","date_gmt":"2015-02-24T21:18:51","guid":{"rendered":"http:\/\/monnaielocale66.fr\/wordpress\/?page_id=57"},"modified":"2023-05-22T09:38:38","modified_gmt":"2023-05-22T07:38:38","slug":"devenez-prestataire","status":"publish","type":"page","link":"https:\/\/soudaqui.cat\/wordpress\/devenez-prestataire\/","title":{"rendered":"Devenir prestataire"},"content":{"rendered":"<div class=\"\">\u00a0<\/div>\n<div id=\"magicdomid14\" class=\"\"><span class=\"b\"><span class=\"b\"><span class=\"b\"><span class=\"\">Si vous \u00eates producteur, artisan, revendeur sp\u00e9cialis\u00e9 dans les produits locaux, vous avez toute votre place dans le circuit de la monnaie locale.<\/span><\/span><\/span><\/span><\/div>\n<div class=\"\">\u00a0<\/div>\n<div class=\"\">Quelle que soit votre activit\u00e9, un questionnaire nous permettra de mieux vous connaitre et de d\u00e9terminer si vous pouvez faire partie du r\u00e9seau, en fonction de crit\u00e8res \u00e9thiques, \u00e9cologiques, solidaires, etc\u2026<\/p>\n<p>Notre but est de vous apporter un chiffre d\u2019affaires suppl\u00e9mentaire, gr\u00e2ce \u00e0 un fonctionnement plus respectueux de l\u2019humain et de l\u2019environnement.<\/p>\n<p>Une fois inscrit, vous pourrez faire partie du <span class=\"i\"><i>coll\u00e8ge des prestataires<\/i><\/span><span class=\"\">. Les discussions intra et inter-coll\u00e8ges (les 3 autres coll\u00e8ges regroupant les <\/span><span class=\"i\"><i>membres fondateurs<\/i><\/span><span class=\"\">, les <\/span><span class=\"i\"><i>utilisateurs<\/i><\/span><span class=\"\"> et les <\/span><span class=\"i\"><i>partenaires<\/i><\/span><span class=\"\">) permettront de fixer les r\u00e8gles de fonctionnement de la MLC.<\/span><\/p>\n<p>Contactez-nous \u00e0 cette adresse: contact@souda<span class=\"author-g-wxz122z8pschll5ra9gz122z\">qui<\/span><span class=\"\">.cat<br \/><\/span><\/p>\n<h3>&gt;&gt;&gt; <a title=\"Participer aux coll\u00e8ges\" href=\"http:\/\/soudaqui.cat\/wordpress\/?page_id=59\">Participez aux coll\u00e8ges<\/a><\/h3>\n<\/div>\n","protected":false},"excerpt":{"rendered":"<p>\u00a0 Si vous \u00eates producteur, artisan, revendeur sp\u00e9cialis\u00e9 dans les produits locaux, vous avez toute votre place dans le circuit de la monnaie locale. \u00a0 Quelle que soit votre activit\u00e9, un questionnaire nous permettra de mieux vous connaitre et de d\u00e9terminer si vous pouvez faire partie du r\u00e9seau, en fonction de crit\u00e8res \u00e9thiques, \u00e9cologiques, solidaires,&hellip;&nbsp;<a href=\"https:\/\/soudaqui.cat\/wordpress\/devenez-prestataire\/\" rel=\"bookmark\">Lire la suite &raquo;<span class=\"screen-reader-text\">Devenir prestataire<\/span><\/a><\/p>\n","protected":false},"author":1,"featured_media":181,"parent":0,"menu_order":0,"comment_status":"closed","ping_status":"closed","template":"page-templates\/template-pagebuilder-full-width.php","meta":{"neve_meta_sidebar":"","neve_meta_container":"","neve_meta_enable_content_width":"","neve_meta_content_width":0,"neve_meta_title_alignment":"","neve_meta_author_avatar":"","neve_post_elements_order":"","neve_meta_disable_header":"","neve_meta_disable_footer":"","neve_meta_disable_title":"","jetpack_post_was_ever_published":false,"footnotes":""},"class_list":["post-57","page","type-page","status-publish","has-post-thumbnail","hentry"],"jetpack_shortlink":"https:\/\/wp.me\/P68UOj-V","jetpack_sharing_enabled":true,"_links":{"self":[{"href":"https:\/\/soudaqui.cat\/wordpress\/wp-json\/wp\/v2\/pages\/57","targetHints":{"allow":["GET"]}}],"collection":[{"href":"https:\/\/soudaqui.cat\/wordpress\/wp-json\/wp\/v2\/pages"}],"about":[{"href":"https:\/\/soudaqui.cat\/wordpress\/wp-json\/wp\/v2\/types\/page"}],"author":[{"embeddable":true,"href":"https:\/\/soudaqui.cat\/wordpress\/wp-json\/wp\/v2\/users\/1"}],"replies":[{"embeddable":true,"href":"https:\/\/soudaqui.cat\/wordpress\/wp-json\/wp\/v2\/comments?post=57"}],"version-history":[{"count":23,"href":"https:\/\/soudaqui.cat\/wordpress\/wp-json\/wp\/v2\/pages\/57\/revisions"}],"predecessor-version":[{"id":1086,"href":"https:\/\/soudaqui.cat\/wordpress\/wp-json\/wp\/v2\/pages\/57\/revisions\/1086"}],"wp:featuredmedia":[{"embeddable":true,"href":"https:\/\/soudaqui.cat\/wordpress\/wp-json\/wp\/v2\/media\/181"}],"wp:attachment":[{"href":"https:\/\/soudaqui.cat\/wordpress\/wp-json\/wp\/v2\/media?parent=57"}],"curies":[{"name":"wp","href":"https:\/\/api.w.org\/{rel}","templated":true}]}}