

{"id":53,"date":"2015-02-24T23:18:16","date_gmt":"2015-02-24T23:18:16","guid":{"rendered":"http:\/\/monnaielocale66.fr\/wordpress\/?page_id=53"},"modified":"2015-05-04T15:16:11","modified_gmt":"2015-05-04T14:16:11","slug":"decouvrez-les-prestataires-a-venir","status":"publish","type":"page","link":"https:\/\/soudaqui.cat\/wordpress\/decouvrez-les-prestataires-a-venir\/","title":{"rendered":"Les lieux o\u00f9 utiliser la monnaie (\u00e0 venir)"},"content":{"rendered":"<div class=\"\">\u00a0<\/div>\n<div id=\"magicdomid4\" class=\"\"><span class=\"author-g-14toul3xuhlgcs9t\">L<\/span><span class=\"author-g-boh2r85fevkp85si\">a liste des prestataires est en cours de constitution.<\/span><\/div>\n<div class=\"\">\u00a0<\/div>\n<div id=\"magicdomid5\" class=\"\"><span class=\"author-g-boh2r85fevkp85si\">Nous d\u00e9sirons cr\u00e9er un r\u00e9seau diversifi\u00e9 \u00e0 travers le d\u00e9partement, afin de permettre \u00e0 la MLC de circuler le plus longtemps possible \u00e0 l&#8217;int\u00e9rieur de ce r\u00e9seau.<\/span><\/div>\n<div class=\"\">\u00a0<\/div>\n","protected":false},"excerpt":{"rendered":"<p>\u00a0 La liste des prestataires est en cours de constitution. \u00a0 Nous d\u00e9sirons cr\u00e9er un r\u00e9seau diversifi\u00e9 \u00e0 travers le d\u00e9partement, afin de permettre \u00e0 la MLC de circuler le plus longtemps possible \u00e0 l&#8217;int\u00e9rieur de ce r\u00e9seau. \u00a0<\/p>\n","protected":false},"author":1,"featured_media":0,"parent":0,"menu_order":0,"comment_status":"closed","ping_status":"open","template":"","meta":{"neve_meta_sidebar":"","neve_meta_container":"","neve_meta_enable_content_width":"","neve_meta_content_width":0,"neve_meta_title_alignment":"","neve_meta_author_avatar":"","neve_post_elements_order":"","neve_meta_disable_header":"","neve_meta_disable_footer":"","neve_meta_disable_title":"","jetpack_post_was_ever_published":false,"footnotes":""},"class_list":["post-53","page","type-page","status-publish","hentry"],"jetpack_shortlink":"https:\/\/wp.me\/P68UOj-R","jetpack_sharing_enabled":true,"_links":{"self":[{"href":"https:\/\/soudaqui.cat\/wordpress\/wp-json\/wp\/v2\/pages\/53","targetHints":{"allow":["GET"]}}],"collection":[{"href":"https:\/\/soudaqui.cat\/wordpress\/wp-json\/wp\/v2\/pages"}],"about":[{"href":"https:\/\/soudaqui.cat\/wordpress\/wp-json\/wp\/v2\/types\/page"}],"author":[{"embeddable":true,"href":"https:\/\/soudaqui.cat\/wordpress\/wp-json\/wp\/v2\/users\/1"}],"replies":[{"embeddable":true,"href":"https:\/\/soudaqui.cat\/wordpress\/wp-json\/wp\/v2\/comments?post=53"}],"version-history":[{"count":4,"href":"https:\/\/soudaqui.cat\/wordpress\/wp-json\/wp\/v2\/pages\/53\/revisions"}],"predecessor-version":[{"id":598,"href":"https:\/\/soudaqui.cat\/wordpress\/wp-json\/wp\/v2\/pages\/53\/revisions\/598"}],"wp:attachment":[{"href":"https:\/\/soudaqui.cat\/wordpress\/wp-json\/wp\/v2\/media?parent=53"}],"curies":[{"name":"wp","href":"https:\/\/api.w.org\/{rel}","templated":true}]}}