

{"id":47,"date":"2015-02-24T23:15:57","date_gmt":"2015-02-24T23:15:57","guid":{"rendered":"http:\/\/monnaielocale66.fr\/wordpress\/?page_id=47"},"modified":"2023-07-12T17:45:52","modified_gmt":"2023-07-12T15:45:52","slug":"liste-dinformation","status":"publish","type":"page","link":"https:\/\/soudaqui.cat\/wordpress\/liste-dinformation\/","title":{"rendered":"Historique des lettres d&#8217;informations"},"content":{"rendered":"\n<p>Quelques cr\u00e9ations de nos b\u00e9n\u00e9voles \u00e0 votre disposition, bonne lecture ! <\/p>\n\n\n\n\n\n<div class=\"wp-block-group\"><div class=\"wp-block-group__inner-container is-layout-constrained wp-block-group-is-layout-constrained\">\n\n\n<div class=\"wp-block-group is-nowrap is-layout-flex wp-container-core-group-is-layout-ad2f72ca wp-block-group-is-layout-flex\">\n<div data-wp-interactive=\"core\/file\" class=\"wp-block-file\"><object data-wp-bind--hidden=\"!state.hasPdfPreview\" hidden class=\"wp-block-file__embed\" data=\"https:\/\/soudaqui.cat\/wordpress\/wp-content\/uploads\/2023\/07\/LE-FOCUS-SOUDAQ-1-au-fil-de-leau-version-2-1.pdf\" type=\"application\/pdf\" style=\"width:100%;height:600px\" aria-label=\"Embed of LE-FOCUS-SOUDAQ-1-au-fil-de-leau-version-2-1.\"><\/object><a id=\"wp-block-file--media-a4b0f757-a233-4e0d-8a6f-a8acc7f938b0\" href=\"https:\/\/soudaqui.cat\/wordpress\/wp-content\/uploads\/2023\/07\/LE-FOCUS-SOUDAQ-1-au-fil-de-leau-version-2-1.pdf\">LE-FOCUS-SOUDAQ-1-au-fil-de-leau-version-2-1<\/a><a href=\"https:\/\/soudaqui.cat\/wordpress\/wp-content\/uploads\/2023\/07\/LE-FOCUS-SOUDAQ-1-au-fil-de-leau-version-2-1.pdf\" class=\"wp-block-file__button wp-element-button\" download aria-describedby=\"wp-block-file--media-a4b0f757-a233-4e0d-8a6f-a8acc7f938b0\">T\u00e9l\u00e9charger<\/a><\/div>\n\n\n\n<p>Le Focus Soudaqu&#8217; Num\u00e9ro 1\u00a0<\/p>\n<\/div>\n\n\n\n<div class=\"wp-block-group is-nowrap is-layout-flex wp-container-core-group-is-layout-ad2f72ca wp-block-group-is-layout-flex\">\n<div data-wp-interactive=\"core\/file\" class=\"wp-block-file\"><object data-wp-bind--hidden=\"!state.hasPdfPreview\" hidden class=\"wp-block-file__embed\" data=\"https:\/\/soudaqui.cat\/wordpress\/wp-content\/uploads\/2023\/07\/LE-FOCUS-SOUDAQ-2-LA-FABRICA-VELO-2.pdf\" type=\"application\/pdf\" style=\"width:100%;height:600px\" aria-label=\"Embed of LE-FOCUS-SOUDAQ-2-LA-FABRICA-VELO-2.\"><\/object><a id=\"wp-block-file--media-a4b0f757-a233-4e0d-8a6f-a8acc7f938b0\" href=\"https:\/\/soudaqui.cat\/wordpress\/wp-content\/uploads\/2023\/07\/LE-FOCUS-SOUDAQ-2-LA-FABRICA-VELO-2.pdf\">LE-FOCUS-SOUDAQ-2-LA-FABRICA-VELO-2<\/a><a href=\"https:\/\/soudaqui.cat\/wordpress\/wp-content\/uploads\/2023\/07\/LE-FOCUS-SOUDAQ-2-LA-FABRICA-VELO-2.pdf\" class=\"wp-block-file__button wp-element-button\" download aria-describedby=\"wp-block-file--media-a4b0f757-a233-4e0d-8a6f-a8acc7f938b0\">T\u00e9l\u00e9charger<\/a><\/div>\n\n\n\n<p>Focus Soudan&#8217; N\u00b02<\/p>\n<\/div>\n\n\n\n<div class=\"wp-block-group is-nowrap is-layout-flex wp-container-core-group-is-layout-ad2f72ca wp-block-group-is-layout-flex\">\n<div data-wp-interactive=\"core\/file\" class=\"wp-block-file\"><object data-wp-bind--hidden=\"!state.hasPdfPreview\" hidden class=\"wp-block-file__embed\" data=\"https:\/\/soudaqui.cat\/wordpress\/wp-content\/uploads\/2023\/07\/Juin2022_info_soudaqui.pdf\" type=\"application\/pdf\" style=\"width:100%;height:600px\" aria-label=\"Embed of Juin2022_info_soudaqui.\"><\/object><a id=\"wp-block-file--media-a4b0f757-a233-4e0d-8a6f-a8acc7f938b0\" href=\"https:\/\/soudaqui.cat\/wordpress\/wp-content\/uploads\/2023\/07\/Juin2022_info_soudaqui.pdf\">Juin2022_info_soudaqui<\/a><a href=\"https:\/\/soudaqui.cat\/wordpress\/wp-content\/uploads\/2023\/07\/Juin2022_info_soudaqui.pdf\" class=\"wp-block-file__button wp-element-button\" download aria-describedby=\"wp-block-file--media-a4b0f757-a233-4e0d-8a6f-a8acc7f938b0\">T\u00e9l\u00e9charger<\/a><\/div>\n\n\n\n<p>Lettre Info Juin 2022\u00a0<\/p>\n<\/div>\n\n\n\n<div class=\"wp-block-group is-nowrap is-layout-flex wp-container-core-group-is-layout-ad2f72ca wp-block-group-is-layout-flex\">\n<div data-wp-interactive=\"core\/file\" class=\"wp-block-file\"><object data-wp-bind--hidden=\"!state.hasPdfPreview\" hidden class=\"wp-block-file__embed\" data=\"https:\/\/soudaqui.cat\/wordpress\/wp-content\/uploads\/2023\/07\/Novembre2022_info_soudaqui.pdf\" type=\"application\/pdf\" style=\"width:100%;height:600px\" aria-label=\"Embed of Novembre2022_info_soudaqui.\"><\/object><a id=\"wp-block-file--media-a4b0f757-a233-4e0d-8a6f-a8acc7f938b0\" href=\"https:\/\/soudaqui.cat\/wordpress\/wp-content\/uploads\/2023\/07\/Novembre2022_info_soudaqui.pdf\">Novembre2022_info_soudaqui<\/a><a href=\"https:\/\/soudaqui.cat\/wordpress\/wp-content\/uploads\/2023\/07\/Novembre2022_info_soudaqui.pdf\" class=\"wp-block-file__button wp-element-button\" download aria-describedby=\"wp-block-file--media-a4b0f757-a233-4e0d-8a6f-a8acc7f938b0\">T\u00e9l\u00e9charger<\/a><\/div>\n\n\n\n<p>Lettre Info Automne 2022\u00a0<\/p>\n<\/div>\n\n\n\n<div class=\"wp-block-group is-nowrap is-layout-flex wp-container-core-group-is-layout-ad2f72ca wp-block-group-is-layout-flex\">\n<div data-wp-interactive=\"core\/file\" class=\"wp-block-file\"><object data-wp-bind--hidden=\"!state.hasPdfPreview\" hidden class=\"wp-block-file__embed\" data=\"https:\/\/soudaqui.cat\/wordpress\/wp-content\/uploads\/2023\/07\/0519-Lettre-info-Mai-2019.pdf\" type=\"application\/pdf\" style=\"width:100%;height:600px\" aria-label=\"Embed of 0519-Lettre-info-Mai-2019.\"><\/object><a id=\"wp-block-file--media-a4b0f757-a233-4e0d-8a6f-a8acc7f938b0\" href=\"https:\/\/soudaqui.cat\/wordpress\/wp-content\/uploads\/2023\/07\/0519-Lettre-info-Mai-2019.pdf\">0519-Lettre-info-Mai-2019<\/a><a href=\"https:\/\/soudaqui.cat\/wordpress\/wp-content\/uploads\/2023\/07\/0519-Lettre-info-Mai-2019.pdf\" class=\"wp-block-file__button wp-element-button\" download aria-describedby=\"wp-block-file--media-a4b0f757-a233-4e0d-8a6f-a8acc7f938b0\">T\u00e9l\u00e9charger<\/a><\/div>\n\n\n\n<p>Lettre Info Mai 2019<\/p>\n<\/div>\n\n\n\n<div class=\"wp-block-group is-nowrap is-layout-flex wp-container-core-group-is-layout-ad2f72ca wp-block-group-is-layout-flex\">\n<div data-wp-interactive=\"core\/file\" class=\"wp-block-file\"><object data-wp-bind--hidden=\"!state.hasPdfPreview\" hidden class=\"wp-block-file__embed\" data=\"https:\/\/soudaqui.cat\/wordpress\/wp-content\/uploads\/2023\/07\/04-Lettre-dinfo-Mars-2019.pdf\" type=\"application\/pdf\" style=\"width:100%;height:600px\" aria-label=\"Embed of 04-Lettre-dinfo-Mars-2019.\"><\/object><a id=\"wp-block-file--media-a4b0f757-a233-4e0d-8a6f-a8acc7f938b0\" href=\"https:\/\/soudaqui.cat\/wordpress\/wp-content\/uploads\/2023\/07\/04-Lettre-dinfo-Mars-2019.pdf\">04-Lettre-dinfo-Mars-2019<\/a><a href=\"https:\/\/soudaqui.cat\/wordpress\/wp-content\/uploads\/2023\/07\/04-Lettre-dinfo-Mars-2019.pdf\" class=\"wp-block-file__button wp-element-button\" download aria-describedby=\"wp-block-file--media-a4b0f757-a233-4e0d-8a6f-a8acc7f938b0\">T\u00e9l\u00e9charger<\/a><\/div>\n\n\n\n<p>Lettre Info Janvier 2019\u00a0<\/p>\n<\/div>\n\n\n\n<div class=\"wp-block-group is-nowrap is-layout-flex wp-container-core-group-is-layout-ad2f72ca wp-block-group-is-layout-flex\">\n<div data-wp-interactive=\"core\/file\" class=\"wp-block-file\"><object data-wp-bind--hidden=\"!state.hasPdfPreview\" hidden class=\"wp-block-file__embed\" data=\"https:\/\/soudaqui.cat\/wordpress\/wp-content\/uploads\/2023\/07\/03-Lettre-dinfo-Janvier-Fevrier-2019.pdf\" type=\"application\/pdf\" style=\"width:100%;height:600px\" aria-label=\"Embed of 03-Lettre-dinfo-Janvier-Fevrier-2019.\"><\/object><a id=\"wp-block-file--media-a4b0f757-a233-4e0d-8a6f-a8acc7f938b0\" href=\"https:\/\/soudaqui.cat\/wordpress\/wp-content\/uploads\/2023\/07\/03-Lettre-dinfo-Janvier-Fevrier-2019.pdf\">03-Lettre-dinfo-Janvier-Fevrier-2019<\/a><a href=\"https:\/\/soudaqui.cat\/wordpress\/wp-content\/uploads\/2023\/07\/03-Lettre-dinfo-Janvier-Fevrier-2019.pdf\" class=\"wp-block-file__button wp-element-button\" download aria-describedby=\"wp-block-file--media-a4b0f757-a233-4e0d-8a6f-a8acc7f938b0\">T\u00e9l\u00e9charger<\/a><\/div>\n\n\n\n<p>Lettre Info Janvier F\u00e9vrier 2019\u00a0<\/p>\n<\/div>\n\n\n\n<div class=\"wp-block-group is-nowrap is-layout-flex wp-container-core-group-is-layout-ad2f72ca wp-block-group-is-layout-flex\">\n<div data-wp-interactive=\"core\/file\" class=\"wp-block-file\"><object data-wp-bind--hidden=\"!state.hasPdfPreview\" hidden class=\"wp-block-file__embed\" data=\"https:\/\/soudaqui.cat\/wordpress\/wp-content\/uploads\/2023\/07\/01-Lettre-dinfo-Novembre-2018-1.pdf\" type=\"application\/pdf\" style=\"width:100%;height:600px\" aria-label=\"Embed of 01-Lettre-dinfo-Novembre-2018-1.\"><\/object><a id=\"wp-block-file--media-a4b0f757-a233-4e0d-8a6f-a8acc7f938b0\" href=\"https:\/\/soudaqui.cat\/wordpress\/wp-content\/uploads\/2023\/07\/01-Lettre-dinfo-Novembre-2018-1.pdf\">01-Lettre-dinfo-Novembre-2018-1<\/a><a href=\"https:\/\/soudaqui.cat\/wordpress\/wp-content\/uploads\/2023\/07\/01-Lettre-dinfo-Novembre-2018-1.pdf\" class=\"wp-block-file__button wp-element-button\" download aria-describedby=\"wp-block-file--media-a4b0f757-a233-4e0d-8a6f-a8acc7f938b0\">T\u00e9l\u00e9charger<\/a><\/div>\n\n\n\n<p>Lettre Info Novembre 2018\u00a0<\/p>\n<\/div>\n<\/div><\/div>\n\n\n","protected":false},"excerpt":{"rendered":"<p>Quelques cr\u00e9ations de nos b\u00e9n\u00e9voles \u00e0 votre disposition, bonne lecture ! Le Focus Soudaqu&#8217; Num\u00e9ro 1\u00a0 Focus Soudan&#8217; N\u00b02 Lettre Info Juin 2022\u00a0 Lettre Info Automne 2022\u00a0 Lettre Info Mai 2019 Lettre Info Janvier 2019\u00a0 Lettre Info Janvier F\u00e9vrier 2019\u00a0 Lettre Info Novembre 2018\u00a0<\/p>\n","protected":false},"author":1,"featured_media":0,"parent":0,"menu_order":0,"comment_status":"closed","ping_status":"open","template":"","meta":{"neve_meta_sidebar":"","neve_meta_container":"","neve_meta_enable_content_width":"","neve_meta_content_width":0,"neve_meta_title_alignment":"","neve_meta_author_avatar":"","neve_post_elements_order":"","neve_meta_disable_header":"","neve_meta_disable_footer":"","neve_meta_disable_title":"","jetpack_post_was_ever_published":false,"footnotes":""},"class_list":["post-47","page","type-page","status-publish","hentry"],"jetpack_shortlink":"https:\/\/wp.me\/P68UOj-L","jetpack_sharing_enabled":true,"_links":{"self":[{"href":"https:\/\/soudaqui.cat\/wordpress\/wp-json\/wp\/v2\/pages\/47","targetHints":{"allow":["GET"]}}],"collection":[{"href":"https:\/\/soudaqui.cat\/wordpress\/wp-json\/wp\/v2\/pages"}],"about":[{"href":"https:\/\/soudaqui.cat\/wordpress\/wp-json\/wp\/v2\/types\/page"}],"author":[{"embeddable":true,"href":"https:\/\/soudaqui.cat\/wordpress\/wp-json\/wp\/v2\/users\/1"}],"replies":[{"embeddable":true,"href":"https:\/\/soudaqui.cat\/wordpress\/wp-json\/wp\/v2\/comments?post=47"}],"version-history":[{"count":35,"href":"https:\/\/soudaqui.cat\/wordpress\/wp-json\/wp\/v2\/pages\/47\/revisions"}],"predecessor-version":[{"id":2117,"href":"https:\/\/soudaqui.cat\/wordpress\/wp-json\/wp\/v2\/pages\/47\/revisions\/2117"}],"wp:attachment":[{"href":"https:\/\/soudaqui.cat\/wordpress\/wp-json\/wp\/v2\/media?parent=47"}],"curies":[{"name":"wp","href":"https:\/\/api.w.org\/{rel}","templated":true}]}}