

{"id":43,"date":"2015-02-24T23:15:46","date_gmt":"2015-02-24T23:15:46","guid":{"rendered":"http:\/\/monnaielocale66.fr\/wordpress\/?page_id=43"},"modified":"2022-06-18T15:10:21","modified_gmt":"2022-06-18T13:10:21","slug":"le-nom-de-la-monnaie-proposer-et-voter","status":"publish","type":"page","link":"https:\/\/soudaqui.cat\/wordpress\/le-nom-de-la-monnaie-proposer-et-voter\/","title":{"rendered":"Le nom de la monnaie"},"content":{"rendered":"<div class=\"\">\n<div id=\"magicdomid5\" class=\"\">\n<h2 style=\"text-align: center;\"><\/h2>\n<p>Choisir le nom d&#8217;une monnaie locale n&#8217;est pas neutre. En 2015, nous avons lanc\u00e9 une consultation aupr\u00e8s des personnes qui \u00e9taient int\u00e9ress\u00e9es par notre monnaie et qui avaient connaissance de ce projet. D&#8217;abord pour trouver un nom, (n<span class=\"\"><span class=\"\"><span class=\"\"><span class=\"\">ous en avons re\u00e7u une trentaine!) puis pour le choisir apr\u00e8s une premi\u00e8re s\u00e9lection par le coll\u00e8ge des membres fondateurs et membres actifs.<br \/>\n<\/span><\/span><\/span><\/span><\/p>\n<\/div>\n<\/div>\n<div class=\"\">Rappel des noms propos\u00e9s:<\/div>\n<div><span class=\"i\"><strong>Le Cal\u00e7ot<\/strong> (ou <strong>Calsot<\/strong>, se prononce &#8216;calsotte&#8217;)<\/span><\/div>\n<div><span class=\"\"><span class=\"\"><span class=\"\"><span class=\"\">Oignon doux catalan qui se mange cuit au feu de bois.<\/span><\/span><\/span><\/span><\/div>\n<div><strong><span class=\"i\">Le Cargol<br \/>\n<\/span><\/strong><\/div>\n<div>L&#8217;escargot catalan (qui gravit la montagne).<\/div>\n<div><strong><span class=\"i\">La Grappe<\/span><\/strong><\/div>\n<div><span class=\"\"><span class=\"\"><span class=\"\">Production locale, rappelle le bon vin d&#8217;aqui, et \u00e7a monte \u00e0 la t\u00eate comme la fortune&#8230;<\/span><\/span><\/span><\/div>\n<div><strong><span class=\"i\">La Molocopo<\/span><\/strong><\/div>\n<div><span class=\"\"><span class=\"\"><span class=\"\">Mo.nnaie lo.cale co.mpl\u00e9mentaire des P-O.<\/span><\/span><\/span><\/div>\n<div><strong><span class=\"i\">Le Rossel<\/span><\/strong><\/div>\n<div class=\"\"><span class=\"\"><span class=\"\"><span class=\"\"><span class=\"\">Nom d&#8217;une monnaie locale au moyen \u00e2ge<\/span><\/span><\/span><\/span>.<\/div>\n<div class=\"\">\n<div class=\"\"><strong><span class=\"i\">La Rousquille<br \/>\n<\/span><\/strong><\/div>\n<div class=\"\">Mythique et inimitable.<\/div>\n<\/div>\n<div><strong><span class=\"i\">Le Solicat<\/span><\/strong><\/div>\n<div><span class=\"\"><span class=\"\"><span class=\"\">Comme solidaire, sol comme soleil (en catalan) le sol fut l&#8217;une des monnaies frapp\u00e9es pendant deux si\u00e8cles par l&#8217;atelier mon\u00e9taire de Perpignan.<\/span><\/span><\/span><\/div>\n<div><strong><span class=\"i\">Le Soucat<\/span><\/strong><\/div>\n<div><span class=\"\"><span class=\"\"><span class=\"\">Une variante: le SOU frapp\u00e9 par les ateliers mon\u00e9taires des villes catalanes (XV-XVIe s.) ; il y avait un\u00a0 &#8220;sou de Perpiny\u00e0&#8221;.<\/span><\/span><\/span><\/div>\n<div><strong><span class=\"i\">Le Soudaqui<\/span><\/strong><\/div>\n<div><span class=\"\"><span class=\"\"><span class=\"\">Le Sou d&#8217;ici.<\/span><\/span><\/span><\/div>\n<div><\/div>\n<div>C&#8217;est ce dernier, le Soudaqui, qui a largement \u00e9t\u00e9 pl\u00e9biscit\u00e9.<\/div>\n<div class=\"\"><\/div>\n<h3>&gt;&gt;&gt; <a title=\"Le fonctionnement de la monnaie\" href=\"http:\/\/soudaqui.cat\/wordpress\/?page_id=45\">Le fonctionnement de la monnaie<\/a><\/h3>\n","protected":false},"excerpt":{"rendered":"<p>Choisir le nom d&#8217;une monnaie locale n&#8217;est pas neutre. En 2015, nous avons lanc\u00e9 une consultation aupr\u00e8s des personnes qui \u00e9taient int\u00e9ress\u00e9es par notre monnaie et qui avaient connaissance de ce projet. D&#8217;abord pour trouver un nom, (nous en avons re\u00e7u une trentaine!) puis pour le choisir apr\u00e8s une premi\u00e8re s\u00e9lection par le coll\u00e8ge des&hellip;&nbsp;<a href=\"https:\/\/soudaqui.cat\/wordpress\/le-nom-de-la-monnaie-proposer-et-voter\/\" rel=\"bookmark\">Lire la suite &raquo;<span class=\"screen-reader-text\">Le nom de la monnaie<\/span><\/a><\/p>\n","protected":false},"author":1,"featured_media":0,"parent":0,"menu_order":0,"comment_status":"closed","ping_status":"open","template":"","meta":{"neve_meta_sidebar":"","neve_meta_container":"","neve_meta_enable_content_width":"","neve_meta_content_width":0,"neve_meta_title_alignment":"","neve_meta_author_avatar":"","neve_post_elements_order":"","neve_meta_disable_header":"","neve_meta_disable_footer":"","neve_meta_disable_title":"","footnotes":""},"class_list":["post-43","page","type-page","status-publish","hentry"],"jetpack_shortlink":"https:\/\/wp.me\/P68UOj-H","jetpack_sharing_enabled":true,"_links":{"self":[{"href":"https:\/\/soudaqui.cat\/wordpress\/wp-json\/wp\/v2\/pages\/43","targetHints":{"allow":["GET"]}}],"collection":[{"href":"https:\/\/soudaqui.cat\/wordpress\/wp-json\/wp\/v2\/pages"}],"about":[{"href":"https:\/\/soudaqui.cat\/wordpress\/wp-json\/wp\/v2\/types\/page"}],"author":[{"embeddable":true,"href":"https:\/\/soudaqui.cat\/wordpress\/wp-json\/wp\/v2\/users\/1"}],"replies":[{"embeddable":true,"href":"https:\/\/soudaqui.cat\/wordpress\/wp-json\/wp\/v2\/comments?post=43"}],"version-history":[{"count":63,"href":"https:\/\/soudaqui.cat\/wordpress\/wp-json\/wp\/v2\/pages\/43\/revisions"}],"predecessor-version":[{"id":1702,"href":"https:\/\/soudaqui.cat\/wordpress\/wp-json\/wp\/v2\/pages\/43\/revisions\/1702"}],"wp:attachment":[{"href":"https:\/\/soudaqui.cat\/wordpress\/wp-json\/wp\/v2\/media?parent=43"}],"curies":[{"name":"wp","href":"https:\/\/api.w.org\/{rel}","templated":true}]}}