

{"id":32,"date":"2015-02-24T17:27:54","date_gmt":"2015-02-24T17:27:54","guid":{"rendered":"http:\/\/monnaielocale66.fr\/wordpress\/?page_id=32"},"modified":"2015-04-28T21:46:40","modified_gmt":"2015-04-28T20:46:40","slug":"une-mlc-quest-ce-que-cest","status":"publish","type":"page","link":"https:\/\/soudaqui.cat\/wordpress\/une-mlc-quest-ce-que-cest\/","title":{"rendered":"Une MLC, qu&#8217;est-ce que c&#8217;est?"},"content":{"rendered":"<div class=\"\">\u00a0<\/div>\n<div id=\"magicdomid17\" class=\"\"><span class=\"\">Une <\/span><span class=\"b\"><b>Monnaie Locale Compl\u00e9mentaire<\/b><\/span><span class=\"\"><span class=\"\">, ce n&#8217;est pas une monnaie nationale ou internationale, et c&#8217;est \u00e7a qui fait la diff\u00e9rence.<\/span><\/span><\/p>\n<p>Une monnaie locale <span class=\"b\"><b>n&#8217;est<\/b><\/span> <span class=\"b\"><b>pas li\u00e9e \u00e0 la <\/b><\/span><span class=\"b u\"><b><span style=\"text-decoration: underline;\">finance<\/span><\/b><\/span><span class=\"\">; elle n&#8217;est ni sp\u00e9culative, ni cumulative. Son fonctionnement vous encourage, gr\u00e2ce \u00e0 la &#8220;fonte&#8221;, \u00e0 <\/span><span class=\"b\"><b>faire tourner l&#8217;\u00e9conomie locale<\/b><\/span><span class=\"\"><span class=\"\">.<\/span><\/span><\/p>\n<p>La <span class=\"b\"><b>fonte<\/b><\/span><span class=\"\"><span class=\"\"> consiste \u00e0 pr\u00e9lever un petit pourcentage de la monnaie si vous ne l&#8217;utilisez pas. C&#8217;est un int\u00e9ret n\u00e9gatif qui permet \u00e0 l&#8217;association qui la g\u00e8re de financer d&#8217;autres projets.<\/span><\/span><\/p>\n<p>La monnaie locale n&#8217;est pas <span class=\"u\"><span style=\"text-decoration: underline;\">impersonnelle<\/span><\/span><span class=\"\">; elle vous permet de <\/span><span class=\"b\"><b>faire vivre des producteurs locaux<\/b><\/span><span class=\"\"><span class=\"\"> en sachant \u00e0 qui va l&#8217;argent que vous utilisez.<\/span><\/span><\/p>\n<p>La monnaie locale n&#8217;est pas &#8221; <span class=\"u\"><span style=\"text-decoration: underline;\">fuyante<\/span><\/span><span class=\"\">&#8220;. En l&#8217;utilisant, vous savez que <\/span><span class=\"b\"><b>l&#8217;argent reste dans l&#8217;\u00e9conomie locale<\/b><\/span><span class=\"\"><span class=\"\">. Les prestataires locaux sont encourag\u00e9s \u00e0 la r\u00e9utiliser dans le r\u00e9seau local.<\/span><\/span><\/p>\n<p>La monnaie locale n&#8217;est pas <span class=\"u\"><span style=\"text-decoration: underline;\">irresponsable<\/span><\/span><span class=\"\">. Elle est <\/span><span class=\"b\"><b>\u00e9thique, \u00e9cologique, sociale, solidaire<\/b><\/span><span class=\"\"><span class=\"\">. Les prestataires sont s\u00e9lectionn\u00e9s en fonction de ces crit\u00e8res.<\/span><\/span><\/p>\n<p>Enfin, une ML<span class=\"b\"><b>C<\/b><\/span><span class=\"\"> n&#8217;est pas &#8220;alternative&#8221; mais &#8220;<\/span><span class=\"b\"><b>Compl\u00e9mentaire<\/b><\/span><span class=\"\"><span class=\"\">&#8220;; elle ne remplace pas l&#8217;euro mais redonne du sens \u00e0 l&#8217;\u00e9change et apporte des r\u00e9ponses locales adapt\u00e9es aux d\u00e9fis des crises en cours.<\/span><\/span><\/p>\n<p>&nbsp;<\/p>\n<h3>&gt;&gt;&gt; <a title=\"Des monnaies locales en France et ailleurs\" href=\"http:\/\/soudaqui.cat\/wordpress\/?page_id=35\">Des monnaies locales en France et ailleurs<\/a><\/h3>\n<p>&nbsp;<\/p>\n<\/div>\n","protected":false},"excerpt":{"rendered":"<p>\u00a0 Une Monnaie Locale Compl\u00e9mentaire, ce n&#8217;est pas une monnaie nationale ou internationale, et c&#8217;est \u00e7a qui fait la diff\u00e9rence. Une monnaie locale n&#8217;est pas li\u00e9e \u00e0 la finance; elle n&#8217;est ni sp\u00e9culative, ni cumulative. Son fonctionnement vous encourage, gr\u00e2ce \u00e0 la &#8220;fonte&#8221;, \u00e0 faire tourner l&#8217;\u00e9conomie locale. La fonte consiste \u00e0 pr\u00e9lever un petit&hellip;&nbsp;<a href=\"https:\/\/soudaqui.cat\/wordpress\/une-mlc-quest-ce-que-cest\/\" rel=\"bookmark\">Read More &raquo;<span class=\"screen-reader-text\">Une MLC, qu&#8217;est-ce que c&#8217;est?<\/span><\/a><\/p>\n","protected":false},"author":1,"featured_media":0,"parent":0,"menu_order":0,"comment_status":"closed","ping_status":"open","template":"","meta":{"neve_meta_sidebar":"","neve_meta_container":"","neve_meta_enable_content_width":"","neve_meta_content_width":0,"neve_meta_title_alignment":"","neve_meta_author_avatar":"","neve_post_elements_order":"","neve_meta_disable_header":"","neve_meta_disable_footer":"","neve_meta_disable_title":"","jetpack_post_was_ever_published":false,"footnotes":""},"class_list":["post-32","page","type-page","status-publish","hentry"],"jetpack_shortlink":"https:\/\/wp.me\/P68UOj-w","jetpack_sharing_enabled":true,"_links":{"self":[{"href":"https:\/\/soudaqui.cat\/wordpress\/wp-json\/wp\/v2\/pages\/32","targetHints":{"allow":["GET"]}}],"collection":[{"href":"https:\/\/soudaqui.cat\/wordpress\/wp-json\/wp\/v2\/pages"}],"about":[{"href":"https:\/\/soudaqui.cat\/wordpress\/wp-json\/wp\/v2\/types\/page"}],"author":[{"embeddable":true,"href":"https:\/\/soudaqui.cat\/wordpress\/wp-json\/wp\/v2\/users\/1"}],"replies":[{"embeddable":true,"href":"https:\/\/soudaqui.cat\/wordpress\/wp-json\/wp\/v2\/comments?post=32"}],"version-history":[{"count":7,"href":"https:\/\/soudaqui.cat\/wordpress\/wp-json\/wp\/v2\/pages\/32\/revisions"}],"predecessor-version":[{"id":618,"href":"https:\/\/soudaqui.cat\/wordpress\/wp-json\/wp\/v2\/pages\/32\/revisions\/618"}],"wp:attachment":[{"href":"https:\/\/soudaqui.cat\/wordpress\/wp-json\/wp\/v2\/media?parent=32"}],"curies":[{"name":"wp","href":"https:\/\/api.w.org\/{rel}","templated":true}]}}