

{"id":312,"date":"2015-04-17T12:29:03","date_gmt":"2015-04-17T11:29:03","guid":{"rendered":"http:\/\/monnaielocalepo.fr\/wordpress\/?page_id=312"},"modified":"2023-01-22T23:07:19","modified_gmt":"2023-01-22T21:07:19","slug":"bulletin-dadhesion","status":"publish","type":"page","link":"https:\/\/soudaqui.cat\/wordpress\/bulletin-dadhesion\/","title":{"rendered":"Bulletin d&#8217;adh\u00e9sion"},"content":{"rendered":"<div class=\"\">Vous pouvez adh\u00e9rer en ligne <a href=\"https:\/\/www.helloasso.com\/associations\/mlcpo\/adhesions\/adhesion-readhesion\" target=\"_blank\" rel=\"noopener noreferrer\">ICI<\/a><\/div>\n<div class=\"\"><\/div>\n<div class=\"\">Sinon, renvoyez le bulletin suivant:.<\/div>\n<div class=\"\"><\/div>\n<div id=\"magicdomid4\" class=\"\"><span class=\"\">Nom:&#8230;&#8230;&#8230;&#8230;&#8230;&#8230;&#8230;&#8230;&#8230;&#8230;&#8230;&#8230;&#8230;&#8230;&#8230;&#8230;&#8230;&#8230;&#8230;&#8230;&#8230;&#8230;&#8230;..<\/span><\/div>\n<div id=\"magicdomid5\" class=\"\"><span class=\"\">Pr\u00e9nom:&#8230;&#8230;&#8230;&#8230;&#8230;&#8230;&#8230;&#8230;&#8230;&#8230;&#8230;&#8230;&#8230;&#8230;&#8230;&#8230;&#8230;&#8230;&#8230;&#8230;&#8230;&#8230;<\/span><\/div>\n<div id=\"magicdomid6\" class=\"\"><span class=\"\">Adresse:&#8230;&#8230;&#8230;&#8230;&#8230;&#8230;&#8230;&#8230;&#8230;&#8230;&#8230;&#8230;&#8230;&#8230;&#8230;&#8230;&#8230;&#8230;&#8230;&#8230;&#8230;&#8230;&#8230;&#8230;&#8230;&#8230;&#8230;&#8230;&#8230;&#8230;&#8230;&#8230;&#8230;&#8230;..<\/span><\/div>\n<div id=\"magicdomid7\" class=\"\"><span class=\"\">&#8230;&#8230;&#8230;&#8230;&#8230;&#8230;&#8230;&#8230;&#8230;&#8230;&#8230;&#8230;&#8230;&#8230;&#8230;&#8230;&#8230;&#8230;&#8230;&#8230;&#8230;&#8230;&#8230;&#8230;&#8230;&#8230;&#8230;&#8230;&#8230;&#8230;&#8230;&#8230;&#8230;&#8230;&#8230;&#8230;&#8230;&#8230;&#8230;.<\/span><\/div>\n<div id=\"magicdomid8\" class=\"\"><span class=\"\">&#8230;&#8230;&#8230;&#8230;&#8230;&#8230;&#8230;&#8230;&#8230;&#8230;&#8230;&#8230;&#8230;&#8230;&#8230;&#8230;&#8230;&#8230;&#8230;&#8230;&#8230;&#8230;&#8230;&#8230;&#8230;&#8230;&#8230;&#8230;&#8230;&#8230;&#8230;&#8230;&#8230;&#8230;&#8230;&#8230;&#8230;&#8230;&#8230;<\/span><\/div>\n<div id=\"magicdomid9\" class=\"\"><span class=\"\">Mail:&#8230;&#8230;&#8230;&#8230;&#8230;&#8230;&#8230;&#8230;&#8230;&#8230;&#8230;&#8230;&#8230;&#8230;&#8230;&#8230;&#8230;&#8230;&#8230;&#8230;&#8230;&#8230;&#8230;.<\/span><\/div>\n<div id=\"magicdomid10\" class=\"\"><span class=\"\">N<\/span><span class=\"author-g-mkdbxxl2cw2h33jl\">\u00b0<\/span><span class=\"\"> d<\/span><span class=\"author-g-mkdbxxl2cw2h33jl\">e<\/span><span class=\"\"> t\u00e9l\u00e9phone:&#8230;&#8230;&#8230;&#8230;&#8230;&#8230;&#8230;&#8230;&#8230;&#8230;&#8230;&#8230;&#8230;&#8230;&#8230;&#8230;&#8230;<\/span><\/div>\n<div id=\"magicdomid13\" class=\"\"><span class=\"\"><span class=\"\">Montant de votre adh\u00e9sion (min 5 \u20ac):&#8230;&#8230;&#8230;&#8230;&#8230;&#8230;.<\/span><\/span><\/p>\n<p>Merci de renvoyer ce bulletin avec votre r\u00e8glement \u00e0 l&#8217;ordre de &#8220;Asso MLC P-O&#8221; \u00e0 l&#8217;adresse suivante:<\/p>\n<\/div>\n<div id=\"magicdomid14\" class=\"\"><span class=\"\">Asso MLC P-O<\/span><\/div>\n<div id=\"magicdomid17\" class=\"\"><span class=\"\"><span class=\"\">10 r Augustin Pajou 66000 PERPIGNAN<\/span><\/span><\/p>\n<p><span class=\"h3\"><span class=\"h3\"><b>&lt;&lt;&lt; <a title=\"Devenir adh\u00e9rent\" href=\"http:\/\/soudaqui.cat\/wordpress\/?page_id=55\">Retour<\/a><\/b><\/span><\/span><\/p>\n<\/div>\n<div id=\"magicdomid18\" class=\"\">\n<h3>&gt;&gt;&gt; <a title=\"Participer aux coll\u00e8ges\" href=\"http:\/\/soudaqui.cat\/wordpress\/?page_id=59\">Participez aux coll\u00e8ges<\/a><\/h3>\n<\/div>\n","protected":false},"excerpt":{"rendered":"<p>Vous pouvez adh\u00e9rer en ligne ICI Sinon, renvoyez le bulletin suivant:. Nom:&#8230;&#8230;&#8230;&#8230;&#8230;&#8230;&#8230;&#8230;&#8230;&#8230;&#8230;&#8230;&#8230;&#8230;&#8230;&#8230;&#8230;&#8230;&#8230;&#8230;&#8230;&#8230;&#8230;.. Pr\u00e9nom:&#8230;&#8230;&#8230;&#8230;&#8230;&#8230;&#8230;&#8230;&#8230;&#8230;&#8230;&#8230;&#8230;&#8230;&#8230;&#8230;&#8230;&#8230;&#8230;&#8230;&#8230;&#8230; Adresse:&#8230;&#8230;&#8230;&#8230;&#8230;&#8230;&#8230;&#8230;&#8230;&#8230;&#8230;&#8230;&#8230;&#8230;&#8230;&#8230;&#8230;&#8230;&#8230;&#8230;&#8230;&#8230;&#8230;&#8230;&#8230;&#8230;&#8230;&#8230;&#8230;&#8230;&#8230;&#8230;&#8230;&#8230;.. &#8230;&#8230;&#8230;&#8230;&#8230;&#8230;&#8230;&#8230;&#8230;&#8230;&#8230;&#8230;&#8230;&#8230;&#8230;&#8230;&#8230;&#8230;&#8230;&#8230;&#8230;&#8230;&#8230;&#8230;&#8230;&#8230;&#8230;&#8230;&#8230;&#8230;&#8230;&#8230;&#8230;&#8230;&#8230;&#8230;&#8230;&#8230;&#8230;. &#8230;&#8230;&#8230;&#8230;&#8230;&#8230;&#8230;&#8230;&#8230;&#8230;&#8230;&#8230;&#8230;&#8230;&#8230;&#8230;&#8230;&#8230;&#8230;&#8230;&#8230;&#8230;&#8230;&#8230;&#8230;&#8230;&#8230;&#8230;&#8230;&#8230;&#8230;&#8230;&#8230;&#8230;&#8230;&#8230;&#8230;&#8230;&#8230; Mail:&#8230;&#8230;&#8230;&#8230;&#8230;&#8230;&#8230;&#8230;&#8230;&#8230;&#8230;&#8230;&#8230;&#8230;&#8230;&#8230;&#8230;&#8230;&#8230;&#8230;&#8230;&#8230;&#8230;. N\u00b0 de t\u00e9l\u00e9phone:&#8230;&#8230;&#8230;&#8230;&#8230;&#8230;&#8230;&#8230;&#8230;&#8230;&#8230;&#8230;&#8230;&#8230;&#8230;&#8230;&#8230; Montant de votre adh\u00e9sion (min 5 \u20ac):&#8230;&#8230;&#8230;&#8230;&#8230;&#8230;. Merci de renvoyer ce bulletin avec votre r\u00e8glement \u00e0 l&#8217;ordre de &#8220;Asso MLC P-O&#8221; \u00e0 l&#8217;adresse suivante: Asso MLC P-O 10 r Augustin Pajou 66000 PERPIGNAN &lt;&lt;&lt; Retour&hellip;&nbsp;<a href=\"https:\/\/soudaqui.cat\/wordpress\/bulletin-dadhesion\/\" rel=\"bookmark\">Read More &raquo;<span class=\"screen-reader-text\">Bulletin d&#8217;adh\u00e9sion<\/span><\/a><\/p>\n","protected":false},"author":1,"featured_media":0,"parent":0,"menu_order":0,"comment_status":"closed","ping_status":"open","template":"","meta":{"neve_meta_sidebar":"","neve_meta_container":"","neve_meta_enable_content_width":"","neve_meta_content_width":0,"neve_meta_title_alignment":"","neve_meta_author_avatar":"","neve_post_elements_order":"","neve_meta_disable_header":"","neve_meta_disable_footer":"","neve_meta_disable_title":"","jetpack_post_was_ever_published":false,"footnotes":""},"class_list":["post-312","page","type-page","status-publish","hentry"],"jetpack_shortlink":"https:\/\/wp.me\/P68UOj-52","jetpack_sharing_enabled":true,"_links":{"self":[{"href":"https:\/\/soudaqui.cat\/wordpress\/wp-json\/wp\/v2\/pages\/312","targetHints":{"allow":["GET"]}}],"collection":[{"href":"https:\/\/soudaqui.cat\/wordpress\/wp-json\/wp\/v2\/pages"}],"about":[{"href":"https:\/\/soudaqui.cat\/wordpress\/wp-json\/wp\/v2\/types\/page"}],"author":[{"embeddable":true,"href":"https:\/\/soudaqui.cat\/wordpress\/wp-json\/wp\/v2\/users\/1"}],"replies":[{"embeddable":true,"href":"https:\/\/soudaqui.cat\/wordpress\/wp-json\/wp\/v2\/comments?post=312"}],"version-history":[{"count":8,"href":"https:\/\/soudaqui.cat\/wordpress\/wp-json\/wp\/v2\/pages\/312\/revisions"}],"predecessor-version":[{"id":1727,"href":"https:\/\/soudaqui.cat\/wordpress\/wp-json\/wp\/v2\/pages\/312\/revisions\/1727"}],"wp:attachment":[{"href":"https:\/\/soudaqui.cat\/wordpress\/wp-json\/wp\/v2\/media?parent=312"}],"curies":[{"name":"wp","href":"https:\/\/api.w.org\/{rel}","templated":true}]}}