

{"id":29,"date":"2015-02-24T17:27:36","date_gmt":"2015-02-24T17:27:36","guid":{"rendered":"http:\/\/monnaielocale66.fr\/wordpress\/?page_id=29"},"modified":"2022-04-26T17:13:23","modified_gmt":"2022-04-26T15:13:23","slug":"pourquoi-une-monnaie-locale","status":"publish","type":"page","link":"https:\/\/soudaqui.cat\/wordpress\/pourquoi-une-monnaie-locale\/","title":{"rendered":"Pourquoi une monnaie locale?"},"content":{"rendered":"<div class=\"\"><\/div>\n<div id=\"magicdomid16\" class=\"\"><span class=\"\">Une monnaie locale compl\u00e9mentaire (MLC) permet de se <\/span><span class=\"b\"><b>r\u00e9approprier<\/b><\/span><span class=\"\"> cet outil incroyablement puissant qu\u2019est la <\/span><span class=\"b\"><b>monnaie<\/b><\/span><span class=\"\"><span class=\"\"><span class=\"\"><span class=\"\">.<\/span><\/span><\/span><\/span><\/p>\n<p><span class=\"\"><span class=\"\">En effet, avec une MLC on peut <span class=\"b\"><b>mettre en valeur<\/b><\/span><span class=\"\"> l&#8217;activit\u00e9 \u00e9cologique, solidaire, \u00e9thique des prestataires locaux en les faisant b\u00e9n\u00e9ficier de la visibilit\u00e9 d\u2019un <\/span><span class=\"b\"><b>r\u00e9seau original<\/b>.<\/span><\/span><\/span><\/p>\n<p>Avec une MLC, on favorise l\u2019\u00e9conomie locale, donc les <span class=\"b\"><b>circuits courts<\/b><\/span><span class=\"\"><span class=\"\">, comme le font d\u00e9j\u00e0 les AMAPs. Cela r\u00e9duit les transports et augmente le lien social.<\/span><\/span><\/p>\n<p>Avec une MLC, le <span class=\"b\"><b>fonds de garantie<\/b><\/span><span class=\"\"> (les Euros qui\u00a0 sont confi\u00e9s \u00e0 une structure locale en \u00e9change de MLC) ne peut servir \u00e0 la sp\u00e9culation financi\u00e8re, et une partie peut \u00eatre utilis\u00e9e pour <\/span><span class=\"b\"><b>soutenir des projets locaux<\/b><\/span><span class=\"\"><span class=\"\">, sans que cela ne co\u00fbte rien aux utilisateurs ni aux prestataires.<\/span><\/span><\/p>\n<p>Enfin, une MLC <span class=\"b\"><b>permet de briser l\u2019id\u00e9e<\/b><\/span><span class=\"\"><span class=\"\"> que l\u2019argent contr\u00f4le tout et que personne ne contr\u00f4le l\u2019argent.<\/span><\/span><\/p>\n<p><span class=\" url\"><a href=\"http:\/\/vimeo.com\/27373039\">http:\/\/vimeo.com\/27373039<\/a><\/span><\/p>\n<p><span class=\"b\">\u00a0<\/span><\/p>\n<h3>&gt;&gt;&gt; <a title=\"Une MLC, qu\u2019est-ce que c\u2019est?\" href=\"http:\/\/soudaqui.cat\/wordpress\/?page_id=32\">Une MLC, qu&#8217;est-ce que c&#8217;est ?<\/a><\/h3>\n<\/div>\n","protected":false},"excerpt":{"rendered":"<p>Une monnaie locale compl\u00e9mentaire (MLC) permet de se r\u00e9approprier cet outil incroyablement puissant qu\u2019est la monnaie. En effet, avec une MLC on peut mettre en valeur l&#8217;activit\u00e9 \u00e9cologique, solidaire, \u00e9thique des prestataires locaux en les faisant b\u00e9n\u00e9ficier de la visibilit\u00e9 d\u2019un r\u00e9seau original. Avec une MLC, on favorise l\u2019\u00e9conomie locale, donc les circuits courts, comme&hellip;&nbsp;<a href=\"https:\/\/soudaqui.cat\/wordpress\/pourquoi-une-monnaie-locale\/\" rel=\"bookmark\">Read More &raquo;<span class=\"screen-reader-text\">Pourquoi une monnaie locale?<\/span><\/a><\/p>\n","protected":false},"author":1,"featured_media":170,"parent":0,"menu_order":0,"comment_status":"closed","ping_status":"open","template":"","meta":{"neve_meta_sidebar":"","neve_meta_container":"","neve_meta_enable_content_width":"","neve_meta_content_width":0,"neve_meta_title_alignment":"","neve_meta_author_avatar":"","neve_post_elements_order":"","neve_meta_disable_header":"","neve_meta_disable_footer":"","neve_meta_disable_title":"","jetpack_post_was_ever_published":false,"footnotes":""},"class_list":["post-29","page","type-page","status-publish","has-post-thumbnail","hentry"],"jetpack_shortlink":"https:\/\/wp.me\/P68UOj-t","jetpack_sharing_enabled":true,"_links":{"self":[{"href":"https:\/\/soudaqui.cat\/wordpress\/wp-json\/wp\/v2\/pages\/29","targetHints":{"allow":["GET"]}}],"collection":[{"href":"https:\/\/soudaqui.cat\/wordpress\/wp-json\/wp\/v2\/pages"}],"about":[{"href":"https:\/\/soudaqui.cat\/wordpress\/wp-json\/wp\/v2\/types\/page"}],"author":[{"embeddable":true,"href":"https:\/\/soudaqui.cat\/wordpress\/wp-json\/wp\/v2\/users\/1"}],"replies":[{"embeddable":true,"href":"https:\/\/soudaqui.cat\/wordpress\/wp-json\/wp\/v2\/comments?post=29"}],"version-history":[{"count":23,"href":"https:\/\/soudaqui.cat\/wordpress\/wp-json\/wp\/v2\/pages\/29\/revisions"}],"predecessor-version":[{"id":1653,"href":"https:\/\/soudaqui.cat\/wordpress\/wp-json\/wp\/v2\/pages\/29\/revisions\/1653"}],"wp:featuredmedia":[{"embeddable":true,"href":"https:\/\/soudaqui.cat\/wordpress\/wp-json\/wp\/v2\/media\/170"}],"wp:attachment":[{"href":"https:\/\/soudaqui.cat\/wordpress\/wp-json\/wp\/v2\/media?parent=29"}],"curies":[{"name":"wp","href":"https:\/\/api.w.org\/{rel}","templated":true}]}}