

{"id":2180,"date":"2023-08-01T14:58:04","date_gmt":"2023-08-01T12:58:04","guid":{"rendered":"https:\/\/soudaqui.cat\/wordpress\/?page_id=2180"},"modified":"2023-08-01T15:13:49","modified_gmt":"2023-08-01T13:13:49","slug":"carte-des-professionnels-acceptant-le-soudaqui","status":"publish","type":"page","link":"https:\/\/soudaqui.cat\/wordpress\/carte-des-professionnels-acceptant-le-soudaqui\/","title":{"rendered":"Carte des professionnels acceptant le Soudaqui"},"content":{"rendered":"\n<p>\n<iframe loading=\"lazy\" width=\"100%\" height=\"500px\" frameborder=\"0\" allowfullscreen allow=\"geolocation\" src=\"\/\/umap.openstreetmap.fr\/fr\/map\/soudaqui_817493?scaleControl=false&#038;miniMap=false&#038;scrollWheelZoom=true&#038;zoomControl=true&#038;allowEdit=false&#038;moreControl=true&#038;searchControl=null&#038;tilelayersControl=false&#038;embedControl=null&#038;datalayersControl=expanded&#038;onLoadPanel=undefined&#038;captionBar=false&#038;captionMenus=true&#038;editinosmControl=false&#038;measureControl=false\"><\/iframe><p><a href=\"\/\/umap.openstreetmap.fr\/fr\/map\/soudaqui_817493?scaleControl=false&#038;miniMap=false&#038;scrollWheelZoom=true&#038;zoomControl=true&#038;allowEdit=false&#038;moreControl=true&#038;searchControl=null&#038;tilelayersControl=false&#038;embedControl=null&#038;datalayersControl=expanded&#038;onLoadPanel=undefined&#038;captionBar=false&#038;captionMenus=true&#038;editinosmControl=false&#038;measureControl=false\">Voir en plein \u00e9cran<\/a><\/p>\n<\/p>\n\n\n\n<p>NB : En cliquant sur l&#8217;ic\u00f4ne &#8220;calque&#8221; <img data-recalc-dims=\"1\" loading=\"lazy\" decoding=\"async\" width=\"35\" height=\"39\" class=\"wp-image-2187\" style=\"width: 35px;\" src=\"https:\/\/i0.wp.com\/soudaqui.cat\/wordpress\/wp-content\/uploads\/2023\/08\/iconecalque_umap.png?resize=35%2C39&#038;ssl=1\" alt=\"\">  situ\u00e9e sur la carte, vous pourrez s\u00e9lectionner les diff\u00e9rent type de prestataires visibles sur la carte : comptoirs d&#8217;\u00e9changes, producteurs, services etc&#8230;<\/p>\n","protected":false},"excerpt":{"rendered":"<p>Voir en plein \u00e9cran NB : En cliquant sur l&#8217;ic\u00f4ne &#8220;calque&#8221; situ\u00e9e sur la carte, vous pourrez s\u00e9lectionner les diff\u00e9rent type de prestataires visibles sur la carte : comptoirs d&#8217;\u00e9changes, producteurs, services etc&#8230;<\/p>\n","protected":false},"author":1,"featured_media":0,"parent":0,"menu_order":0,"comment_status":"closed","ping_status":"closed","template":"","meta":{"neve_meta_sidebar":"","neve_meta_container":"","neve_meta_enable_content_width":"","neve_meta_content_width":0,"neve_meta_title_alignment":"","neve_meta_author_avatar":"","neve_post_elements_order":"","neve_meta_disable_header":"","neve_meta_disable_footer":"","neve_meta_disable_title":"","jetpack_post_was_ever_published":false,"footnotes":""},"class_list":["post-2180","page","type-page","status-publish","hentry"],"jetpack_shortlink":"https:\/\/wp.me\/P68UOj-za","jetpack_sharing_enabled":true,"_links":{"self":[{"href":"https:\/\/soudaqui.cat\/wordpress\/wp-json\/wp\/v2\/pages\/2180","targetHints":{"allow":["GET"]}}],"collection":[{"href":"https:\/\/soudaqui.cat\/wordpress\/wp-json\/wp\/v2\/pages"}],"about":[{"href":"https:\/\/soudaqui.cat\/wordpress\/wp-json\/wp\/v2\/types\/page"}],"author":[{"embeddable":true,"href":"https:\/\/soudaqui.cat\/wordpress\/wp-json\/wp\/v2\/users\/1"}],"replies":[{"embeddable":true,"href":"https:\/\/soudaqui.cat\/wordpress\/wp-json\/wp\/v2\/comments?post=2180"}],"version-history":[{"count":8,"href":"https:\/\/soudaqui.cat\/wordpress\/wp-json\/wp\/v2\/pages\/2180\/revisions"}],"predecessor-version":[{"id":2193,"href":"https:\/\/soudaqui.cat\/wordpress\/wp-json\/wp\/v2\/pages\/2180\/revisions\/2193"}],"wp:attachment":[{"href":"https:\/\/soudaqui.cat\/wordpress\/wp-json\/wp\/v2\/media?parent=2180"}],"curies":[{"name":"wp","href":"https:\/\/api.w.org\/{rel}","templated":true}]}}