

{"id":1982,"date":"2023-05-22T09:46:39","date_gmt":"2023-05-22T07:46:39","guid":{"rendered":"https:\/\/soudaqui.cat\/wordpress\/?page_id=1982"},"modified":"2023-05-22T09:46:41","modified_gmt":"2023-05-22T07:46:41","slug":"devenir-prestataire","status":"publish","type":"page","link":"https:\/\/soudaqui.cat\/wordpress\/devenir-prestataire\/","title":{"rendered":"Devenir prestataire"},"content":{"rendered":"\n<div class=\"wp-block-cover alignfull is-light\" style=\"min-height:400px;aspect-ratio:unset;\"><span aria-hidden=\"true\" class=\"wp-block-cover__background has-background-dim-0 has-background-dim\"><\/span><img data-recalc-dims=\"1\" loading=\"lazy\" decoding=\"async\" width=\"1200\" height=\"378\" class=\"wp-block-cover__image-background wp-image-633\" alt=\"\" src=\"https:\/\/i0.wp.com\/soudaqui.cat\/wordpress\/wp-content\/uploads\/2015\/04\/Canigou4.jpeg?resize=1200%2C378&#038;ssl=1\" data-object-fit=\"cover\" srcset=\"https:\/\/i0.wp.com\/soudaqui.cat\/wordpress\/wp-content\/uploads\/2015\/04\/Canigou4.jpeg?w=1600&amp;ssl=1 1600w, https:\/\/i0.wp.com\/soudaqui.cat\/wordpress\/wp-content\/uploads\/2015\/04\/Canigou4.jpeg?resize=300%2C95&amp;ssl=1 300w, https:\/\/i0.wp.com\/soudaqui.cat\/wordpress\/wp-content\/uploads\/2015\/04\/Canigou4.jpeg?resize=1024%2C323&amp;ssl=1 1024w\" sizes=\"auto, (max-width: 1200px) 100vw, 1200px\" \/><div class=\"wp-block-cover__inner-container is-layout-flow wp-block-cover-is-layout-flow\">\n<h1 class=\"wp-block-heading has-text-align-center\" style=\"font-size:54px\">Devenir prestataire<\/h1>\n<\/div><\/div>\n\n\n\n<div style=\"height:2rem\" aria-hidden=\"true\" class=\"wp-block-spacer\"><\/div>\n\n\n\n<div class=\"wp-block-group alignwide\"><div class=\"wp-block-group__inner-container is-layout-constrained wp-block-group-is-layout-constrained\">\n<p>Pour devenir prestataire vous devrez remplir les conditions de la <a rel=\"noreferrer noopener\" href=\"https:\/\/soudaqui.cat\/wordpress\/wp-content\/uploads\/2023\/05\/Charte-des-valeurs.pdf\" target=\"_blank\">charte des valeurs du soudaqui<\/a> et remplir le <a rel=\"noreferrer noopener\" href=\"https:\/\/soudaqui.cat\/wordpress\/wp-content\/uploads\/2023\/05\/Demande-adhesion-Prestataires-Septembre-2018.pdf\" target=\"_blank\">document de demande d&#8217;adh\u00e9sion<\/a>. Une fois le document rempli et r\u00e9ceptionn\u00e9 par les b\u00e9n\u00e9voles de l&#8217;association, une confirmation vous sera transmise (si votre dossier est accept\u00e9). Il faudra alors remplir la <a rel=\"noreferrer noopener\" href=\"https:\/\/soudaqui.cat\/wordpress\/wp-content\/uploads\/2023\/05\/Accord-pour-entreprise-Fevrier-2019.pdf\" target=\"_blank\">convention de partenariat<\/a>.<br>S&#8217;il vous manque des informations, n&#8217;h\u00e9sitez pas \u00e0 consulter notre <a href=\"https:\/\/soudaqui.cat\/wordpress\/wp-content\/uploads\/2023\/05\/Plaquette-Info-Prestataires-Septembre-2018.pdf\" target=\"_blank\" rel=\"noreferrer noopener\">plaquette d&#8217;information<\/a>.<\/p>\n<\/div><\/div>\n","protected":false},"excerpt":{"rendered":"<p>Pour devenir prestataire vous devrez remplir les conditions de la charte des valeurs du soudaqui et remplir le document de demande d&#8217;adh\u00e9sion. Une fois le document rempli et r\u00e9ceptionn\u00e9 par les b\u00e9n\u00e9voles de l&#8217;association, une confirmation vous sera transmise (si votre dossier est accept\u00e9). Il faudra alors remplir la convention de partenariat.S&#8217;il vous manque des&hellip;&nbsp;<a href=\"https:\/\/soudaqui.cat\/wordpress\/devenir-prestataire\/\" rel=\"bookmark\">Read More &raquo;<span class=\"screen-reader-text\">Devenir prestataire<\/span><\/a><\/p>\n","protected":false},"author":3,"featured_media":0,"parent":0,"menu_order":0,"comment_status":"closed","ping_status":"closed","template":"page-templates\/template-pagebuilder-full-width.php","meta":{"neve_meta_sidebar":"","neve_meta_container":"","neve_meta_enable_content_width":"","neve_meta_content_width":0,"neve_meta_title_alignment":"","neve_meta_author_avatar":"","neve_post_elements_order":"","neve_meta_disable_header":"","neve_meta_disable_footer":"","neve_meta_disable_title":"","jetpack_post_was_ever_published":false,"footnotes":""},"class_list":["post-1982","page","type-page","status-publish","hentry"],"jetpack_shortlink":"https:\/\/wp.me\/P68UOj-vY","jetpack_sharing_enabled":true,"_links":{"self":[{"href":"https:\/\/soudaqui.cat\/wordpress\/wp-json\/wp\/v2\/pages\/1982","targetHints":{"allow":["GET"]}}],"collection":[{"href":"https:\/\/soudaqui.cat\/wordpress\/wp-json\/wp\/v2\/pages"}],"about":[{"href":"https:\/\/soudaqui.cat\/wordpress\/wp-json\/wp\/v2\/types\/page"}],"author":[{"embeddable":true,"href":"https:\/\/soudaqui.cat\/wordpress\/wp-json\/wp\/v2\/users\/3"}],"replies":[{"embeddable":true,"href":"https:\/\/soudaqui.cat\/wordpress\/wp-json\/wp\/v2\/comments?post=1982"}],"version-history":[{"count":7,"href":"https:\/\/soudaqui.cat\/wordpress\/wp-json\/wp\/v2\/pages\/1982\/revisions"}],"predecessor-version":[{"id":1993,"href":"https:\/\/soudaqui.cat\/wordpress\/wp-json\/wp\/v2\/pages\/1982\/revisions\/1993"}],"wp:attachment":[{"href":"https:\/\/soudaqui.cat\/wordpress\/wp-json\/wp\/v2\/media?parent=1982"}],"curies":[{"name":"wp","href":"https:\/\/api.w.org\/{rel}","templated":true}]}}