

{"id":1739,"date":"2023-01-25T10:46:26","date_gmt":"2023-01-25T08:46:26","guid":{"rendered":"https:\/\/soudaqui.cat\/wordpress\/?page_id=1739"},"modified":"2026-04-05T14:02:46","modified_gmt":"2026-04-05T12:02:46","slug":"accueil-2","status":"publish","type":"page","link":"https:\/\/soudaqui.cat\/wordpress\/","title":{"rendered":"Accueil"},"content":{"rendered":"\n<div class=\"marquee-rtl\">\n    <!-- le contenu d\u00e9filant -->\n    <h2 style=\"color: #ee1919\">Actualit\u00e9s : Samedi 11 avril 2026 \u00e0 20h00, Venez (re)d\u00e9couvrir le Soudaqui, bar l&#8217;Alchimie, 3 rue de l&#8217;Hospice \u00e0 Prades \/ Samedi 18 avril 2026 \u00e0 14h30, Assembl\u00e9e g\u00e9n\u00e9rale extraordinaire et Assembl\u00e9e g\u00e9n\u00e9rale ordinaire au bar l&#8217;ALCHIMIE \u00e0 Prades <\/h2>\n<\/div>\n\n\n\n<div style=\"height:2em\" aria-hidden=\"true\" class=\"wp-block-spacer\"><\/div>\n\n\n\n<div class=\"v1v1v1v1v1v1v1v1pre\">\n<h1 class=\"v1v1v1v1v1v1v1v1pre\"><img data-recalc-dims=\"1\" loading=\"lazy\" decoding=\"async\" class=\"alignleft\" src=\"https:\/\/i0.wp.com\/soudaqui.cat\/wordpress\/wp-content\/uploads\/2026\/04\/Soudaqui-Monnaie-Locale-Complementaire-et-Citoyenne-du-661.jpg?resize=554%2C784&#038;ssl=1\" alt=\"\" width=\"554\" height=\"784\" \/><span style=\"color: #ff0000;\"><strong>APPEL \u00e0 l&#8217;AIDE<\/strong><\/span><\/h1>\n<div>\u00a0<\/div>\n<div>\u00a0<\/div>\n<div class=\"v1v1v1v1v1v1v1v1pre\">Depuis deux ans notre monnaie locale est en souffrance.<\/div>\n<div class=\"v1v1v1v1v1v1v1v1pre\"><br \/>Par manque de b\u00e9n\u00e9voles nous ne pouvons plus assurer le fonctionnement normal du Soudaqui, le suivi des adh\u00e9sions, la prospection de nouveaux adh\u00e9rents.<br \/>Nous en sommes arriv\u00e9s au point o\u00f9 nous nous demandons si nous devons persister \u00e0 faire vivre une monnaie moribonde o\u00f9 si nous devons la mettre en sommeil.<br \/>L\u2019autre solution c\u2019est de faire appel aux personnes pr\u00eates \u00e0 s\u2019engager avec nous, ne serait ce que sur une ou deux missions, aussi, nous vous appelons \u00e0 l\u2019aide.<br \/><br \/>Si vous voulez plus d\u2019infos, proposer votre aide, contactez nous \u00e0 l\u2019adresse <a href=\"mailto:contact@soudaqui.cat\">contact@soudaqui.cat<\/a><br \/><br \/>Vous pouvez \u00e9galement venir \u00e0 l\u2019<strong>Alchimie (3 rue de l\u2019Hospice \u00e0 Prades) le 11 avril prochain \u00e0 20h<\/strong>, nous y organisons une<strong> r\u00e9union d\u2019information<\/strong> pour tenter de recruter des b\u00e9n\u00e9voles.<br \/><br \/>Enfin le <strong>18 avril \u00e0 14h30 au bar l\u2019Alchimie \u00e0 Prades<\/strong> nous convoquons tous nos adh\u00e9rents et sympathisants \u00e0 une <strong>Assembl\u00e9e g\u00e9n\u00e9rale extraordinaire suivie d\u2019une Assembl\u00e9e g\u00e9n\u00e9rale ordinaire<\/strong>. <br \/><br \/>Nous d\u00e9ciderons ce jour-l\u00e0 de l\u2019avenir du Soudaqui.<br \/><br \/>Si vous ne pouvez \u00eatre pr\u00e9sents vous pouvez aussi nous renvoyer un pouvoir (<a href=\"_wp_link_placeholder\" data-wplink-edit=\"true\">pouvoir<\/a>) compl\u00e9t\u00e9 \u00e0 l\u2019adresse <a href=\"mailto:contact@soudaqui.cat\">contact@soudaqui.cat<\/a> ou par courrier \u00e0 Association MLC P.-O. 5 avenue Julien Panchot 66000<br \/>Perpignan.<br \/><br \/>Petite pr\u00e9cision r\u00e9glementaire, seuls les adh\u00e9rents \u00e0 jour de cotisation pourront voter lors de l\u2019AG. <br \/>Vous pouvez d\u2019ores et d\u00e9j\u00e0 adh\u00e9rer sur le site de <a href=\"https:\/\/www.helloasso.com\/associations\/mlcpo\/adhesions\/adhesion-readhesion-2026\">Helloasso<\/a> ou bien directement lors des r\u00e9unions ;=))<br \/><br \/>Si vous souhaitez mettre \u00e0 jour vos coordonn\u00e9es, ou vous d\u00e9sinscrire d\u2019une de nos listes, envoyez-nous un mail \u00e0 <a href=\"mailto:contact@soudaqui.cat\">contact@soudaqui.cat<\/a> .<br \/><br \/>En esp\u00e9rant que vous nous aiderez \u00e0 relancer notre Monnaie locale.<br \/><br \/>\u00a0 \u00a0 L\u2019\u00e9quipe du Soudaqui\u00a0<\/div>\n<\/div>\n\n\n\n<div class=\"wp-block-columns alignfull is-layout-flex wp-container-core-columns-is-layout-9d6595d7 wp-block-columns-is-layout-flex\">\n<div class=\"wp-block-column is-vertically-aligned-center is-layout-flow wp-block-column-is-layout-flow\" style=\"flex-basis:100%\">\n<div class=\"wp-block-group alignfull padding is-content-justification-center is-nowrap is-layout-flex wp-container-core-group-is-layout-94bc23d7 wp-block-group-is-layout-flex\"><ul class=\"wp-block-latest-posts__list is-grid columns-3 has-dates alignfull wp-block-latest-posts\"><li><a class=\"wp-block-latest-posts__post-title\" href=\"https:\/\/soudaqui.cat\/wordpress\/appel-a-laide-et-asemblees-generales\/\">APPEL \u00e0 l&#8217;AIDE et Assembl\u00e9es g\u00e9n\u00e9rales<\/a><time datetime=\"2026-04-05T12:42:42+02:00\" class=\"wp-block-latest-posts__post-date\">5 April 2026<\/time><\/li>\n<li><div class=\"wp-block-latest-posts__featured-image\"><a href=\"https:\/\/soudaqui.cat\/wordpress\/assemblee-generale-26-04-a-lalchimie\/\" aria-label=\"Appel \u00e0 l&#8217;aide et Assembl\u00e9es g\u00e9n\u00e9rales\"><img loading=\"lazy\" decoding=\"async\" width=\"300\" height=\"138\" src=\"https:\/\/i0.wp.com\/soudaqui.cat\/wordpress\/wp-content\/uploads\/2025\/04\/AG2.png?fit=300%2C138&amp;ssl=1\" class=\"attachment-medium size-medium wp-post-image\" alt=\"\" style=\"\" srcset=\"https:\/\/i0.wp.com\/soudaqui.cat\/wordpress\/wp-content\/uploads\/2025\/04\/AG2.png?w=890&amp;ssl=1 890w, https:\/\/i0.wp.com\/soudaqui.cat\/wordpress\/wp-content\/uploads\/2025\/04\/AG2.png?resize=300%2C138&amp;ssl=1 300w, https:\/\/i0.wp.com\/soudaqui.cat\/wordpress\/wp-content\/uploads\/2025\/04\/AG2.png?resize=768%2C354&amp;ssl=1 768w\" sizes=\"auto, (max-width: 300px) 100vw, 300px\" \/><\/a><\/div><a class=\"wp-block-latest-posts__post-title\" href=\"https:\/\/soudaqui.cat\/wordpress\/assemblee-generale-26-04-a-lalchimie\/\">Appel \u00e0 l&#8217;aide et Assembl\u00e9es g\u00e9n\u00e9rales<\/a><time datetime=\"2025-04-13T18:26:18+02:00\" class=\"wp-block-latest-posts__post-date\">13 April 2025<\/time><\/li>\n<li><div class=\"wp-block-latest-posts__featured-image\"><a href=\"https:\/\/soudaqui.cat\/wordpress\/le-garde-manger\/\" aria-label=\"Le Garde Manger\"><img loading=\"lazy\" decoding=\"async\" width=\"300\" height=\"225\" src=\"https:\/\/i0.wp.com\/soudaqui.cat\/wordpress\/wp-content\/uploads\/2024\/07\/Garde-Manger1_lleuger-scaled.jpg?fit=300%2C225&amp;ssl=1\" class=\"attachment-medium size-medium wp-post-image\" alt=\"\" style=\"\" srcset=\"https:\/\/i0.wp.com\/soudaqui.cat\/wordpress\/wp-content\/uploads\/2024\/07\/Garde-Manger1_lleuger-scaled.jpg?w=2560&amp;ssl=1 2560w, https:\/\/i0.wp.com\/soudaqui.cat\/wordpress\/wp-content\/uploads\/2024\/07\/Garde-Manger1_lleuger-scaled.jpg?resize=300%2C225&amp;ssl=1 300w, https:\/\/i0.wp.com\/soudaqui.cat\/wordpress\/wp-content\/uploads\/2024\/07\/Garde-Manger1_lleuger-scaled.jpg?resize=1024%2C768&amp;ssl=1 1024w, https:\/\/i0.wp.com\/soudaqui.cat\/wordpress\/wp-content\/uploads\/2024\/07\/Garde-Manger1_lleuger-scaled.jpg?resize=768%2C576&amp;ssl=1 768w, https:\/\/i0.wp.com\/soudaqui.cat\/wordpress\/wp-content\/uploads\/2024\/07\/Garde-Manger1_lleuger-scaled.jpg?resize=1536%2C1152&amp;ssl=1 1536w, https:\/\/i0.wp.com\/soudaqui.cat\/wordpress\/wp-content\/uploads\/2024\/07\/Garde-Manger1_lleuger-scaled.jpg?resize=2048%2C1536&amp;ssl=1 2048w, https:\/\/i0.wp.com\/soudaqui.cat\/wordpress\/wp-content\/uploads\/2024\/07\/Garde-Manger1_lleuger-scaled.jpg?resize=400%2C300&amp;ssl=1 400w, https:\/\/i0.wp.com\/soudaqui.cat\/wordpress\/wp-content\/uploads\/2024\/07\/Garde-Manger1_lleuger-scaled.jpg?resize=800%2C600&amp;ssl=1 800w, https:\/\/i0.wp.com\/soudaqui.cat\/wordpress\/wp-content\/uploads\/2024\/07\/Garde-Manger1_lleuger-scaled.jpg?w=2400&amp;ssl=1 2400w\" sizes=\"auto, (max-width: 300px) 100vw, 300px\" \/><\/a><\/div><a class=\"wp-block-latest-posts__post-title\" href=\"https:\/\/soudaqui.cat\/wordpress\/le-garde-manger\/\">Le Garde Manger<\/a><time datetime=\"2024-07-02T18:30:53+02:00\" class=\"wp-block-latest-posts__post-date\">2 July 2024<\/time><\/li>\n<li><a class=\"wp-block-latest-posts__post-title\" href=\"https:\/\/soudaqui.cat\/wordpress\/16-04-15h-cafe-del-canigo-assemblee-generale\/\">16\/03 &#8211; 15h Caf\u00e9 Del Canig\u00f3           Assembl\u00e9e G\u00e9n\u00e9rale<\/a><time datetime=\"2024-02-05T11:30:12+02:00\" class=\"wp-block-latest-posts__post-date\">5 February 2024<\/time><\/li>\n<\/ul><\/div>\n<\/div>\n<\/div>\n\n\n\n<div class=\"wp-block-cover alignfull is-light has-parallax padding\" style=\"min-height:763px;aspect-ratio:unset;\"><div class=\"wp-block-cover__image-background wp-image-1735 has-parallax\" style=\"background-position:50% 50%;background-image:url(https:\/\/soudaqui.cat\/wordpress\/wp-content\/uploads\/2023\/01\/cropped-fond-site-internet-scaled-1.jpg)\"><\/div><span aria-hidden=\"true\" class=\"wp-block-cover__background has-background-dim\"><\/span><div class=\"wp-block-cover__inner-container is-layout-flow wp-block-cover-is-layout-flow\"><div class=\"wp-block-image\">\n<figure class=\"aligncenter size-full is-resized\"><img data-recalc-dims=\"1\" loading=\"lazy\" decoding=\"async\" width=\"958\" height=\"959\" src=\"https:\/\/i0.wp.com\/soudaqui.cat\/wordpress\/wp-content\/uploads\/2023\/01\/Soudaqui-logo.png?resize=958%2C959&#038;ssl=1\" alt=\"\" class=\"wp-image-1733\" style=\"width:240px;height:240px\" srcset=\"https:\/\/i0.wp.com\/soudaqui.cat\/wordpress\/wp-content\/uploads\/2023\/01\/Soudaqui-logo.png?w=958&amp;ssl=1 958w, https:\/\/i0.wp.com\/soudaqui.cat\/wordpress\/wp-content\/uploads\/2023\/01\/Soudaqui-logo.png?resize=300%2C300&amp;ssl=1 300w, https:\/\/i0.wp.com\/soudaqui.cat\/wordpress\/wp-content\/uploads\/2023\/01\/Soudaqui-logo.png?resize=150%2C150&amp;ssl=1 150w, https:\/\/i0.wp.com\/soudaqui.cat\/wordpress\/wp-content\/uploads\/2023\/01\/Soudaqui-logo.png?resize=768%2C769&amp;ssl=1 768w, https:\/\/i0.wp.com\/soudaqui.cat\/wordpress\/wp-content\/uploads\/2023\/01\/Soudaqui-logo.png?resize=600%2C601&amp;ssl=1 600w, https:\/\/i0.wp.com\/soudaqui.cat\/wordpress\/wp-content\/uploads\/2023\/01\/Soudaqui-logo.png?resize=75%2C75&amp;ssl=1 75w\" sizes=\"auto, (max-width: 958px) 100vw, 958px\" \/><\/figure>\n<\/div>\n\n\n<h2 class=\"wp-block-heading has-text-align-center has-text-color has-x-large-font-size\" style=\"color:#b60d1c\"><strong>Le soudaqui<\/strong><\/h2>\n\n\n\n<p class=\"has-text-align-center has-text-color has-medium-font-size\" style=\"color:#fdc500\">La monnaie locale, compl\u00e9mentaire et citoyenne des Pyr\u00e9n\u00e9es-Orientales<\/p>\n\n\n\n<div class=\"wp-block-group alignfull padding bandeau-blanc has-background is-vertical is-content-justification-center is-layout-flex wp-container-core-group-is-layout-0472769e wp-block-group-is-layout-flex\" style=\"background-color:#ffffffb8\">\n<p class=\"has-text-align-center has-neve-text-color-color has-text-color has-medium-font-size\"><strong>Trouvez tous les professionnels, entreprises, associations et collectivit\u00e9s qui acceptent le soudaqui<\/strong><\/p>\n\n\n\n<div style=\"height:0px\" aria-hidden=\"true\" class=\"wp-block-spacer wp-container-content-f7b87a2a\"><\/div>\n\n\n\n<div class=\"wp-block-buttons is-horizontal is-content-justification-center is-nowrap is-layout-flex wp-container-core-buttons-is-layout-2ffe24c7 wp-block-buttons-is-layout-flex\">\n<div class=\"wp-block-button aligncenter\"><a class=\"wp-block-button__link has-neve-text-color-color has-text-color has-background wp-element-button\" href=\"https:\/\/soudaqui.cat\/wordpress\/carte-des-professionnels-acceptant-le-soudaqui\/\" style=\"border-radius:999px;background-color:#fdc500\">Acc\u00e9der \u00e0 la carte<\/a><\/div>\n\n\n\n<div class=\"wp-block-button is-style-primary\"><a class=\"wp-block-button__link has-background wp-element-button\" href=\"https:\/\/soudaqui.cat\/wordpress\/annuaire\" style=\"border-radius:999px;background-color:#b60d1c\" target=\"_blank\" rel=\"noreferrer noopener\">Acc\u00e9der \u00e0 l&#8217;annuaire<\/a><\/div>\n<\/div>\n<\/div>\n<\/div><\/div>\n\n\n\n<div class=\"wp-block-columns alignfull padding-grand has-nv-light-bg-background-color has-background is-layout-flex wp-container-core-columns-is-layout-9d6595d7 wp-block-columns-is-layout-flex\">\n<div class=\"wp-block-column has-nv-site-bg-background-color has-background is-layout-flow wp-block-column-is-layout-flow\">\n<figure class=\"wp-block-image size-large\"><a href=\"https:\/\/soudaqui.cat\/wordpress\/wp-content\/uploads\/2023\/05\/Plaquette-Info-Prestataires-Septembre-2018.pdf\"><img data-recalc-dims=\"1\" loading=\"lazy\" decoding=\"async\" width=\"1024\" height=\"605\" src=\"https:\/\/i0.wp.com\/soudaqui.cat\/wordpress\/wp-content\/uploads\/2023\/01\/soudaqui-V1-05-16-3.jpg?resize=1024%2C605&#038;ssl=1\" alt=\"\" class=\"wp-image-1791\" srcset=\"https:\/\/i0.wp.com\/soudaqui.cat\/wordpress\/wp-content\/uploads\/2023\/01\/soudaqui-V1-05-16-3.jpg?resize=1024%2C605&amp;ssl=1 1024w, https:\/\/i0.wp.com\/soudaqui.cat\/wordpress\/wp-content\/uploads\/2023\/01\/soudaqui-V1-05-16-3.jpg?resize=300%2C177&amp;ssl=1 300w, https:\/\/i0.wp.com\/soudaqui.cat\/wordpress\/wp-content\/uploads\/2023\/01\/soudaqui-V1-05-16-3.jpg?resize=768%2C454&amp;ssl=1 768w, https:\/\/i0.wp.com\/soudaqui.cat\/wordpress\/wp-content\/uploads\/2023\/01\/soudaqui-V1-05-16-3.jpg?resize=600%2C355&amp;ssl=1 600w, https:\/\/i0.wp.com\/soudaqui.cat\/wordpress\/wp-content\/uploads\/2023\/01\/soudaqui-V1-05-16-3.jpg?w=1299&amp;ssl=1 1299w\" sizes=\"auto, (max-width: 1024px) 100vw, 1024px\" \/><\/a><\/figure>\n\n\n\n<div style=\"height:2rem\" aria-hidden=\"true\" class=\"wp-block-spacer\"><\/div>\n\n\n\n<div class=\"wp-block-buttons is-layout-flex wp-block-buttons-is-layout-flex\">\n<div class=\"wp-block-button aligncenter\"><a class=\"wp-block-button__link has-neve-text-color-color has-text-color has-background wp-element-button\" href=\"https:\/\/soudaqui.cat\/wordpress\/wp-content\/uploads\/2023\/05\/Plaquette-Info-Prestataires-Septembre-2018.pdf\" style=\"border-radius:999px;background-color:#fdc500\">Comment devenir prestataire ?<\/a><\/div>\n<\/div>\n\n\n\n<div style=\"height:2rem\" aria-hidden=\"true\" class=\"wp-block-spacer\"><\/div>\n<\/div>\n\n\n\n<div class=\"wp-block-column has-nv-site-bg-background-color has-background is-layout-flow wp-block-column-is-layout-flow\">\n<figure class=\"wp-block-image size-large\"><a href=\"https:\/\/soudaqui.cat\/wordpress\/wp-content\/uploads\/2023\/05\/Soudaqui-Info-utilisateurs-Juin-20181549.pdf\"><img data-recalc-dims=\"1\" loading=\"lazy\" decoding=\"async\" width=\"1024\" height=\"605\" src=\"https:\/\/i0.wp.com\/soudaqui.cat\/wordpress\/wp-content\/uploads\/2023\/01\/soudaqui-V1-05-16-1.jpg?resize=1024%2C605&#038;ssl=1\" alt=\"\" class=\"wp-image-1792\" srcset=\"https:\/\/i0.wp.com\/soudaqui.cat\/wordpress\/wp-content\/uploads\/2023\/01\/soudaqui-V1-05-16-1.jpg?resize=1024%2C605&amp;ssl=1 1024w, https:\/\/i0.wp.com\/soudaqui.cat\/wordpress\/wp-content\/uploads\/2023\/01\/soudaqui-V1-05-16-1.jpg?resize=300%2C177&amp;ssl=1 300w, https:\/\/i0.wp.com\/soudaqui.cat\/wordpress\/wp-content\/uploads\/2023\/01\/soudaqui-V1-05-16-1.jpg?resize=768%2C454&amp;ssl=1 768w, https:\/\/i0.wp.com\/soudaqui.cat\/wordpress\/wp-content\/uploads\/2023\/01\/soudaqui-V1-05-16-1.jpg?resize=600%2C355&amp;ssl=1 600w, https:\/\/i0.wp.com\/soudaqui.cat\/wordpress\/wp-content\/uploads\/2023\/01\/soudaqui-V1-05-16-1.jpg?w=1299&amp;ssl=1 1299w\" sizes=\"auto, (max-width: 1024px) 100vw, 1024px\" \/><\/a><\/figure>\n\n\n\n<div style=\"height:2rem\" aria-hidden=\"true\" class=\"wp-block-spacer\"><\/div>\n\n\n\n<div class=\"wp-block-buttons is-layout-flex wp-block-buttons-is-layout-flex\">\n<div class=\"wp-block-button aligncenter\"><a class=\"wp-block-button__link has-nv-text-dark-bg-color has-text-color has-background wp-element-button\" href=\"https:\/\/soudaqui.cat\/wordpress\/wp-content\/uploads\/2023\/05\/Soudaqui-Info-utilisateurs-Juin-20181549.pdf\" style=\"border-radius:999px;background-color:#b60d1c\">Comment utiliser des soudaquis ?<\/a><\/div>\n<\/div>\n\n\n\n<div style=\"height:2rem\" aria-hidden=\"true\" class=\"wp-block-spacer\"><\/div>\n<\/div>\n\n\n\n<div class=\"wp-block-column has-nv-site-bg-background-color has-background is-layout-flow wp-block-column-is-layout-flow\">\n<figure class=\"wp-block-image size-large\"><a href=\"https:\/\/soudaqui.cat\/wordpress\/wp-content\/uploads\/2023\/05\/Charte-des-valeurs.pdf\"><img data-recalc-dims=\"1\" loading=\"lazy\" decoding=\"async\" width=\"1024\" height=\"605\" src=\"https:\/\/i0.wp.com\/soudaqui.cat\/wordpress\/wp-content\/uploads\/2023\/01\/soudaqui-V1-05-16-5.jpg?resize=1024%2C605&#038;ssl=1\" alt=\"\" class=\"wp-image-1793\" srcset=\"https:\/\/i0.wp.com\/soudaqui.cat\/wordpress\/wp-content\/uploads\/2023\/01\/soudaqui-V1-05-16-5.jpg?resize=1024%2C605&amp;ssl=1 1024w, https:\/\/i0.wp.com\/soudaqui.cat\/wordpress\/wp-content\/uploads\/2023\/01\/soudaqui-V1-05-16-5.jpg?resize=300%2C177&amp;ssl=1 300w, https:\/\/i0.wp.com\/soudaqui.cat\/wordpress\/wp-content\/uploads\/2023\/01\/soudaqui-V1-05-16-5.jpg?resize=768%2C454&amp;ssl=1 768w, https:\/\/i0.wp.com\/soudaqui.cat\/wordpress\/wp-content\/uploads\/2023\/01\/soudaqui-V1-05-16-5.jpg?resize=600%2C355&amp;ssl=1 600w, https:\/\/i0.wp.com\/soudaqui.cat\/wordpress\/wp-content\/uploads\/2023\/01\/soudaqui-V1-05-16-5.jpg?w=1299&amp;ssl=1 1299w\" sizes=\"auto, (max-width: 1024px) 100vw, 1024px\" \/><\/a><\/figure>\n\n\n\n<div style=\"height:2rem\" aria-hidden=\"true\" class=\"wp-block-spacer\"><\/div>\n\n\n\n<div class=\"wp-block-buttons is-layout-flex wp-block-buttons-is-layout-flex\">\n<div class=\"wp-block-button aligncenter\"><a class=\"wp-block-button__link has-neve-text-color-color has-text-color has-background wp-element-button\" href=\"https:\/\/soudaqui.cat\/wordpress\/wp-content\/uploads\/2023\/05\/Charte-des-valeurs.pdf\" style=\"border-radius:999px;background-color:#fdc500\">Charte des valeurs du soudaqui<\/a><\/div>\n<\/div>\n\n\n\n<div style=\"height:2rem\" aria-hidden=\"true\" class=\"wp-block-spacer\"><\/div>\n<\/div>\n<\/div>\n\n\n\n<div class=\"wp-block-cover alignfull has-parallax\" style=\"min-height:250px;aspect-ratio:unset;\"><div class=\"wp-block-cover__image-background wp-image-1803 has-parallax\" style=\"background-position:50% 50%;background-image:url(https:\/\/soudaqui.cat\/wordpress\/wp-content\/uploads\/2023\/01\/DSC02384-scaled.jpg)\"><\/div><span aria-hidden=\"true\" class=\"wp-block-cover__background has-background-dim\"><\/span><div class=\"wp-block-cover__inner-container is-layout-flow wp-block-cover-is-layout-flow\">\n<p class=\"has-text-align-center has-large-font-size\"><\/p>\n<\/div><\/div>\n\n\n\n<div style=\"height:2em\" aria-hidden=\"true\" class=\"wp-block-spacer cach\u00e9\"><\/div>\n\n\n\n<h2 class=\"wp-block-heading has-text-align-center cach\u00e9\">Ne ratez pas nos derni\u00e8res lettres d&#8217;info<\/h2>\n\n\n\n<div style=\"height:2em\" aria-hidden=\"true\" class=\"wp-block-spacer cach\u00e9\"><\/div>\n\n\n\n<div class=\"wp-block-columns are-vertically-aligned-top cach\u00e9 is-layout-flex wp-container-core-columns-is-layout-9d6595d7 wp-block-columns-is-layout-flex\">\n<div class=\"wp-block-column is-vertically-aligned-top is-layout-flow wp-block-column-is-layout-flow\">\n<div class=\"wp-block-buttons is-layout-flex wp-block-buttons-is-layout-flex\">\n<div class=\"wp-block-button aligncenter\"><a class=\"wp-block-button__link has-background wp-element-button\" href=\"https:\/\/soudaqui.cat\/wordpress\/wp-content\/uploads\/2023\/02\/Printemps-2022.pdf\" style=\"border-radius:999px;background-color:#b60d1c\" target=\"_blank\" rel=\"noreferrer noopener\">Printemps 2022<\/a><\/div>\n<\/div>\n<\/div>\n\n\n\n<div class=\"wp-block-column is-vertically-aligned-top is-layout-flow wp-block-column-is-layout-flow\">\n<div class=\"wp-block-buttons is-layout-flex wp-block-buttons-is-layout-flex\">\n<div class=\"wp-block-button aligncenter\"><a class=\"wp-block-button__link has-nv-dark-bg-color has-text-color has-background wp-element-button\" href=\"https:\/\/soudaqui.cat\/wordpress\/wp-content\/uploads\/2023\/02\/Soiree-Soudaqui-Septembre-2022.pdf\" style=\"border-radius:999px;background-color:#fdc500\" target=\"_blank\" rel=\"noreferrer noopener\">Soir\u00e9e Soudaqui Septembre 2022<\/a><\/div>\n<\/div>\n<\/div>\n\n\n\n<div class=\"wp-block-column is-vertically-aligned-top is-layout-flow wp-block-column-is-layout-flow\">\n<div class=\"wp-block-buttons is-layout-flex wp-block-buttons-is-layout-flex\">\n<div class=\"wp-block-button aligncenter\"><a class=\"wp-block-button__link has-nv-text-dark-bg-color has-text-color has-background wp-element-button\" href=\"https:\/\/soudaqui.cat\/wordpress\/wp-content\/uploads\/2023\/02\/ete-2022.pdf\" style=\"border-radius:999px;background-color:#b60d1c\" target=\"_blank\" rel=\"noreferrer noopener\"><span style=\"color:var(--nv-text-dark-bg)\" class=\"tadv-color\">\u00c9t\u00e9 2022<\/span><\/a><\/div>\n<\/div>\n<\/div>\n<\/div>\n\n\n\n<div style=\"height:2em\" aria-hidden=\"true\" class=\"wp-block-spacer\"><\/div>\n\n\n\n<h3 class=\"wp-block-heading alignfull has-text-align-center padding-grand has-nv-dark-bg-color has-nv-light-bg-background-color has-text-color has-background\"><span class=\"tadv-color\" style=\"color:var(--nv-dark-bg)\"><a href=\"https:\/\/www.helloasso.com\/associations\/mlcpo\/adhesions\/adhesion-readhesion-2026\" target=\"_blank\" rel=\"noreferrer noopener\">Adh\u00e9rer au Soudaqui<\/a><\/span><\/h3>\n\n\n\n<h3 class=\"wp-block-heading alignfull has-text-align-center padding-grand has-nv-dark-bg-color has-nv-light-bg-background-color has-text-color has-background\"><span class=\"tadv-color\" style=\"color:var(--nv-dark-bg)\"><a href=\"https:\/\/www.helloasso.com\/associations\/mlcpo\/paiements\/acheter-des-soudaquis\/widget\" target=\"_blank\" rel=\"noreferrer noopener\">Commander de<\/a><\/span><a href=\"https:\/\/www.helloasso.com\/associations\/mlcpo\/paiements\/acheter-des-soudaquis\/widget\" target=\"_blank\" rel=\"noreferrer noopener\"><span class=\"tadv-color\" style=\"color:var(--nv-dark-bg)\">s<\/span><\/a><span class=\"tadv-color\" style=\"color:var(--nv-dark-bg)\"><a href=\"https:\/\/www.helloasso.com\/associations\/mlcpo\/paiements\/acheter-des-soudaquis\/widget\" target=\"_blank\" rel=\"noreferrer noopener\"> Soudaqui<\/a><\/span>s<\/h3>\n\n\n\n<h3 class=\"wp-block-heading alignfull has-text-align-center padding-grand has-nv-dark-bg-color has-nv-light-bg-background-color has-text-color has-background\"><span class=\"tadv-color\" style=\"color:var(--nv-dark-bg)\">Suivre notre page <a href=\"http:\/\/facebook.com\/elsoudaqui\">Facebook<\/a> et notre compte <a href=\"https:\/\/www.instagram.com\/soudaqui.po\/\">Instagram<\/a> <\/span><\/h3>\n","protected":false},"excerpt":{"rendered":"<p>Actualit\u00e9s : Samedi 11 avril 2026 \u00e0 20h00, Venez (re)d\u00e9couvrir le Soudaqui, bar l&#8217;Alchimie, 3 rue de l&#8217;Hospice \u00e0 Prades \/ Samedi 18 avril 2026 \u00e0 14h30, Assembl\u00e9e g\u00e9n\u00e9rale extraordinaire et Assembl\u00e9e g\u00e9n\u00e9rale ordinaire au bar l&#8217;ALCHIMIE \u00e0 Prades APPEL \u00e0 l&#8217;AIDE \u00a0 \u00a0 Depuis deux ans notre monnaie locale est en souffrance. Par manque&hellip;&nbsp;<a href=\"https:\/\/soudaqui.cat\/wordpress\/\" rel=\"bookmark\">Read More &raquo;<span class=\"screen-reader-text\">Accueil<\/span><\/a><\/p>\n","protected":false},"author":3,"featured_media":2352,"parent":0,"menu_order":0,"comment_status":"closed","ping_status":"closed","template":"page-templates\/template-pagebuilder-full-width.php","meta":{"neve_meta_sidebar":"left","neve_meta_container":"full-width","neve_meta_enable_content_width":"","neve_meta_content_width":70,"neve_meta_title_alignment":"","neve_meta_author_avatar":"","neve_post_elements_order":"","neve_meta_disable_header":"off","neve_meta_disable_footer":"","neve_meta_disable_title":"","jetpack_post_was_ever_published":false,"footnotes":""},"class_list":["post-1739","page","type-page","status-publish","has-post-thumbnail","hentry"],"jetpack_shortlink":"https:\/\/wp.me\/P68UOj-s3","jetpack_sharing_enabled":true,"_links":{"self":[{"href":"https:\/\/soudaqui.cat\/wordpress\/wp-json\/wp\/v2\/pages\/1739","targetHints":{"allow":["GET"]}}],"collection":[{"href":"https:\/\/soudaqui.cat\/wordpress\/wp-json\/wp\/v2\/pages"}],"about":[{"href":"https:\/\/soudaqui.cat\/wordpress\/wp-json\/wp\/v2\/types\/page"}],"author":[{"embeddable":true,"href":"https:\/\/soudaqui.cat\/wordpress\/wp-json\/wp\/v2\/users\/3"}],"replies":[{"embeddable":true,"href":"https:\/\/soudaqui.cat\/wordpress\/wp-json\/wp\/v2\/comments?post=1739"}],"version-history":[{"count":153,"href":"https:\/\/soudaqui.cat\/wordpress\/wp-json\/wp\/v2\/pages\/1739\/revisions"}],"predecessor-version":[{"id":2375,"href":"https:\/\/soudaqui.cat\/wordpress\/wp-json\/wp\/v2\/pages\/1739\/revisions\/2375"}],"wp:featuredmedia":[{"embeddable":true,"href":"https:\/\/soudaqui.cat\/wordpress\/wp-json\/wp\/v2\/media\/2352"}],"wp:attachment":[{"href":"https:\/\/soudaqui.cat\/wordpress\/wp-json\/wp\/v2\/media?parent=1739"}],"curies":[{"name":"wp","href":"https:\/\/api.w.org\/{rel}","templated":true}]}}