

{"id":1739,"date":"2023-01-25T10:46:26","date_gmt":"2023-01-25T08:46:26","guid":{"rendered":"https:\/\/soudaqui.cat\/wordpress\/?page_id=1739"},"modified":"2026-04-21T20:16:06","modified_gmt":"2026-04-21T18:16:06","slug":"accueil-2","status":"publish","type":"page","link":"https:\/\/soudaqui.cat\/wordpress\/","title":{"rendered":"Accueil"},"content":{"rendered":"\n<div class=\"marquee-rtl\">\n    <!-- le contenu d\u00e9filant -->\n    <h2 style=\"color: #ee1919\">Actualit\u00e9s : Le soudaqui c&#8217;est reparti ! Pensez \u00e0 adh\u00e9rer ou r\u00e9adherer c&#8217;est important pour que notre monnaie vive. <\/h2>\n<\/div>\n\n\n\n<div style=\"height:2em\" aria-hidden=\"true\" class=\"wp-block-spacer\"><\/div>\n\n\n\n<div class=\"v1v1v1v1v1v1v1v1pre\">\n<h1 class=\"v1v1v1v1v1v1v1v1pre\" style=\"text-align: center;\"><span style=\"color: #ff0000;\"><strong>C&#8217;est reparti !<\/strong><\/span><\/h1>\n<div style=\"text-align: center;\">Lors de la derni\u00e8re AG, le 18 avril pass\u00e9, nous avons d\u00e9cid\u00e9 de continuer \u00e0 faire vivre le Soudaqui.\u00a0<\/div>\n<div style=\"text-align: center;\">Tout d&#8217;abord il nous faut relancer les adh\u00e9sions des prestataires et des utilisateurs pour que la monnaie tourne.<\/div>\n<div style=\"text-align: center;\">N&#8217;oubliez pas que :<\/div>\n<div style=\"text-align: center;\">&#8211; Seuls les adh\u00e9rents peuvent utiliser la monnaie<\/div>\n<div style=\"text-align: center;\">&#8211; Les cotisations sont \u00e0 ce jour les seules ressources de l&#8217;association.<\/div>\n<\/div>\n<div style=\"text-align: center;\">\u00a0<\/div>\n<div style=\"text-align: center;\">Pensez \u00e9galement que les meilleurs ambassadeurs de la monnaie sont ses utilisateurs et que nous avons besoin de b\u00e9n\u00e9voles pour d\u00e9velopper la monnaie.<\/div>\n<div class=\"v1v1v1v1v1v1v1v1pre\">\n<div class=\"v1v1v1v1v1v1v1v1pre\" style=\"text-align: center;\"><br \/><br \/>Si vous voulez plus d\u2019infos, proposer votre aide, contactez nous \u00e0 l\u2019adresse <a href=\"mailto:contact@soudaqui.cat\">contact@soudaqui.cat<\/a><br \/><br \/><br \/>Vous pouvez adh\u00e9rer sur le site de <a href=\"https:\/\/www.helloasso.com\/associations\/mlcpo\/adhesions\/adhesion-readhesion-2026\">Helloasso<\/a>\u00a0<br \/><br \/><br \/>En esp\u00e9rant que vous nous aiderez \u00e0 relancer notre Monnaie locale.<br \/><br \/>\u00a0 \u00a0 L\u2019\u00e9quipe du Soudaqui\u00a0<\/div>\n<\/div>\n\n\n\n<div class=\"wp-block-cover alignfull is-light has-parallax padding\" style=\"min-height:763px;aspect-ratio:unset;\"><div class=\"wp-block-cover__image-background wp-image-1735 has-parallax\" style=\"background-position:50% 50%;background-image:url(https:\/\/soudaqui.cat\/wordpress\/wp-content\/uploads\/2023\/01\/cropped-fond-site-internet-scaled-1.jpg)\"><\/div><span aria-hidden=\"true\" class=\"wp-block-cover__background has-background-dim\"><\/span><div class=\"wp-block-cover__inner-container is-layout-flow wp-block-cover-is-layout-flow\"><div class=\"wp-block-image\">\n<figure class=\"aligncenter size-full is-resized\"><img data-recalc-dims=\"1\" loading=\"lazy\" decoding=\"async\" width=\"958\" height=\"959\" src=\"https:\/\/i0.wp.com\/soudaqui.cat\/wordpress\/wp-content\/uploads\/2023\/01\/Soudaqui-logo.png?resize=958%2C959&#038;ssl=1\" alt=\"\" class=\"wp-image-1733\" style=\"width:240px;height:240px\" srcset=\"https:\/\/i0.wp.com\/soudaqui.cat\/wordpress\/wp-content\/uploads\/2023\/01\/Soudaqui-logo.png?w=958&amp;ssl=1 958w, https:\/\/i0.wp.com\/soudaqui.cat\/wordpress\/wp-content\/uploads\/2023\/01\/Soudaqui-logo.png?resize=300%2C300&amp;ssl=1 300w, https:\/\/i0.wp.com\/soudaqui.cat\/wordpress\/wp-content\/uploads\/2023\/01\/Soudaqui-logo.png?resize=150%2C150&amp;ssl=1 150w, https:\/\/i0.wp.com\/soudaqui.cat\/wordpress\/wp-content\/uploads\/2023\/01\/Soudaqui-logo.png?resize=768%2C769&amp;ssl=1 768w, https:\/\/i0.wp.com\/soudaqui.cat\/wordpress\/wp-content\/uploads\/2023\/01\/Soudaqui-logo.png?resize=600%2C601&amp;ssl=1 600w, https:\/\/i0.wp.com\/soudaqui.cat\/wordpress\/wp-content\/uploads\/2023\/01\/Soudaqui-logo.png?resize=75%2C75&amp;ssl=1 75w\" sizes=\"auto, (max-width: 958px) 100vw, 958px\" \/><\/figure>\n<\/div>\n\n\n<h2 class=\"wp-block-heading has-text-align-center has-text-color has-x-large-font-size\" style=\"color:#b60d1c\"><strong>Le soudaqui<\/strong><\/h2>\n\n\n\n<p class=\"has-text-align-center has-text-color has-medium-font-size\" style=\"color:#fdc500\">La monnaie locale, compl\u00e9mentaire et citoyenne des Pyr\u00e9n\u00e9es-Orientales<\/p>\n\n\n\n<div class=\"wp-block-group alignfull padding bandeau-blanc has-background is-vertical is-content-justification-center is-layout-flex wp-container-core-group-is-layout-0472769e wp-block-group-is-layout-flex\" style=\"background-color:#ffffffb8\">\n<p class=\"has-text-align-center has-neve-text-color-color has-text-color has-medium-font-size\"><strong>Trouvez tous les professionnels, entreprises, associations et collectivit\u00e9s qui acceptent le soudaqui<\/strong><\/p>\n\n\n\n<div style=\"height:0px\" aria-hidden=\"true\" class=\"wp-block-spacer wp-container-content-f7b87a2a\"><\/div>\n\n\n\n<div class=\"wp-block-buttons is-horizontal is-content-justification-center is-nowrap is-layout-flex wp-container-core-buttons-is-layout-2ffe24c7 wp-block-buttons-is-layout-flex\">\n<div class=\"wp-block-button aligncenter\"><a class=\"wp-block-button__link has-neve-text-color-color has-text-color has-background wp-element-button\" href=\"https:\/\/soudaqui.cat\/wordpress\/carte-des-professionnels-acceptant-le-soudaqui\/\" style=\"border-radius:999px;background-color:#fdc500\">Acc\u00e9der \u00e0 la carte<\/a><\/div>\n\n\n\n<div class=\"wp-block-button is-style-primary\"><a class=\"wp-block-button__link has-background wp-element-button\" href=\"https:\/\/soudaqui.cat\/wordpress\/annuaire\" style=\"border-radius:999px;background-color:#b60d1c\" target=\"_blank\" rel=\"noreferrer noopener\">Acc\u00e9der \u00e0 l&#8217;annuaire<\/a><\/div>\n<\/div>\n<\/div>\n<\/div><\/div>\n\n\n\n<div class=\"wp-block-columns alignfull padding-grand has-nv-light-bg-background-color has-background is-layout-flex wp-container-core-columns-is-layout-9d6595d7 wp-block-columns-is-layout-flex\">\n<div class=\"wp-block-column has-nv-site-bg-background-color has-background is-layout-flow wp-block-column-is-layout-flow\">\n<figure class=\"wp-block-image size-large\"><a href=\"https:\/\/soudaqui.cat\/wordpress\/wp-content\/uploads\/2023\/05\/Plaquette-Info-Prestataires-Septembre-2018.pdf\"><img data-recalc-dims=\"1\" loading=\"lazy\" decoding=\"async\" width=\"1024\" height=\"605\" src=\"https:\/\/i0.wp.com\/soudaqui.cat\/wordpress\/wp-content\/uploads\/2023\/01\/soudaqui-V1-05-16-3.jpg?resize=1024%2C605&#038;ssl=1\" alt=\"\" class=\"wp-image-1791\" srcset=\"https:\/\/i0.wp.com\/soudaqui.cat\/wordpress\/wp-content\/uploads\/2023\/01\/soudaqui-V1-05-16-3.jpg?resize=1024%2C605&amp;ssl=1 1024w, https:\/\/i0.wp.com\/soudaqui.cat\/wordpress\/wp-content\/uploads\/2023\/01\/soudaqui-V1-05-16-3.jpg?resize=300%2C177&amp;ssl=1 300w, https:\/\/i0.wp.com\/soudaqui.cat\/wordpress\/wp-content\/uploads\/2023\/01\/soudaqui-V1-05-16-3.jpg?resize=768%2C454&amp;ssl=1 768w, https:\/\/i0.wp.com\/soudaqui.cat\/wordpress\/wp-content\/uploads\/2023\/01\/soudaqui-V1-05-16-3.jpg?resize=600%2C355&amp;ssl=1 600w, https:\/\/i0.wp.com\/soudaqui.cat\/wordpress\/wp-content\/uploads\/2023\/01\/soudaqui-V1-05-16-3.jpg?w=1299&amp;ssl=1 1299w\" sizes=\"auto, (max-width: 1024px) 100vw, 1024px\" \/><\/a><\/figure>\n\n\n\n<div style=\"height:2rem\" aria-hidden=\"true\" class=\"wp-block-spacer\"><\/div>\n\n\n\n<div class=\"wp-block-buttons is-layout-flex wp-block-buttons-is-layout-flex\">\n<div class=\"wp-block-button aligncenter\"><a class=\"wp-block-button__link has-neve-text-color-color has-text-color has-background wp-element-button\" href=\"https:\/\/soudaqui.cat\/wordpress\/wp-content\/uploads\/2023\/05\/Plaquette-Info-Prestataires-Septembre-2018.pdf\" style=\"border-radius:999px;background-color:#fdc500\">Comment devenir prestataire ?<\/a><\/div>\n<\/div>\n\n\n\n<div style=\"height:2rem\" aria-hidden=\"true\" class=\"wp-block-spacer\"><\/div>\n<\/div>\n\n\n\n<div class=\"wp-block-column has-nv-site-bg-background-color has-background is-layout-flow wp-block-column-is-layout-flow\">\n<figure class=\"wp-block-image size-large\"><a href=\"https:\/\/soudaqui.cat\/wordpress\/wp-content\/uploads\/2023\/05\/Soudaqui-Info-utilisateurs-Juin-20181549.pdf\"><img data-recalc-dims=\"1\" loading=\"lazy\" decoding=\"async\" width=\"1024\" height=\"605\" src=\"https:\/\/i0.wp.com\/soudaqui.cat\/wordpress\/wp-content\/uploads\/2023\/01\/soudaqui-V1-05-16-1.jpg?resize=1024%2C605&#038;ssl=1\" alt=\"\" class=\"wp-image-1792\" srcset=\"https:\/\/i0.wp.com\/soudaqui.cat\/wordpress\/wp-content\/uploads\/2023\/01\/soudaqui-V1-05-16-1.jpg?resize=1024%2C605&amp;ssl=1 1024w, https:\/\/i0.wp.com\/soudaqui.cat\/wordpress\/wp-content\/uploads\/2023\/01\/soudaqui-V1-05-16-1.jpg?resize=300%2C177&amp;ssl=1 300w, https:\/\/i0.wp.com\/soudaqui.cat\/wordpress\/wp-content\/uploads\/2023\/01\/soudaqui-V1-05-16-1.jpg?resize=768%2C454&amp;ssl=1 768w, https:\/\/i0.wp.com\/soudaqui.cat\/wordpress\/wp-content\/uploads\/2023\/01\/soudaqui-V1-05-16-1.jpg?resize=600%2C355&amp;ssl=1 600w, https:\/\/i0.wp.com\/soudaqui.cat\/wordpress\/wp-content\/uploads\/2023\/01\/soudaqui-V1-05-16-1.jpg?w=1299&amp;ssl=1 1299w\" sizes=\"auto, (max-width: 1024px) 100vw, 1024px\" \/><\/a><\/figure>\n\n\n\n<div style=\"height:2rem\" aria-hidden=\"true\" class=\"wp-block-spacer\"><\/div>\n\n\n\n<div class=\"wp-block-buttons is-layout-flex wp-block-buttons-is-layout-flex\">\n<div class=\"wp-block-button aligncenter\"><a class=\"wp-block-button__link has-nv-text-dark-bg-color has-text-color has-background wp-element-button\" href=\"https:\/\/soudaqui.cat\/wordpress\/wp-content\/uploads\/2023\/05\/Soudaqui-Info-utilisateurs-Juin-20181549.pdf\" style=\"border-radius:999px;background-color:#b60d1c\">Comment utiliser des soudaquis ?<\/a><\/div>\n<\/div>\n\n\n\n<div style=\"height:2rem\" aria-hidden=\"true\" class=\"wp-block-spacer\"><\/div>\n<\/div>\n\n\n\n<div class=\"wp-block-column has-nv-site-bg-background-color has-background is-layout-flow wp-block-column-is-layout-flow\">\n<figure class=\"wp-block-image size-large\"><a href=\"https:\/\/soudaqui.cat\/wordpress\/wp-content\/uploads\/2023\/05\/Charte-des-valeurs.pdf\"><img data-recalc-dims=\"1\" loading=\"lazy\" decoding=\"async\" width=\"1024\" height=\"605\" src=\"https:\/\/i0.wp.com\/soudaqui.cat\/wordpress\/wp-content\/uploads\/2023\/01\/soudaqui-V1-05-16-5.jpg?resize=1024%2C605&#038;ssl=1\" alt=\"\" class=\"wp-image-1793\" srcset=\"https:\/\/i0.wp.com\/soudaqui.cat\/wordpress\/wp-content\/uploads\/2023\/01\/soudaqui-V1-05-16-5.jpg?resize=1024%2C605&amp;ssl=1 1024w, https:\/\/i0.wp.com\/soudaqui.cat\/wordpress\/wp-content\/uploads\/2023\/01\/soudaqui-V1-05-16-5.jpg?resize=300%2C177&amp;ssl=1 300w, https:\/\/i0.wp.com\/soudaqui.cat\/wordpress\/wp-content\/uploads\/2023\/01\/soudaqui-V1-05-16-5.jpg?resize=768%2C454&amp;ssl=1 768w, https:\/\/i0.wp.com\/soudaqui.cat\/wordpress\/wp-content\/uploads\/2023\/01\/soudaqui-V1-05-16-5.jpg?resize=600%2C355&amp;ssl=1 600w, https:\/\/i0.wp.com\/soudaqui.cat\/wordpress\/wp-content\/uploads\/2023\/01\/soudaqui-V1-05-16-5.jpg?w=1299&amp;ssl=1 1299w\" sizes=\"auto, (max-width: 1024px) 100vw, 1024px\" \/><\/a><\/figure>\n\n\n\n<div style=\"height:2rem\" aria-hidden=\"true\" class=\"wp-block-spacer\"><\/div>\n\n\n\n<div class=\"wp-block-buttons is-layout-flex wp-block-buttons-is-layout-flex\">\n<div class=\"wp-block-button aligncenter\"><a class=\"wp-block-button__link has-neve-text-color-color has-text-color has-background wp-element-button\" href=\"https:\/\/soudaqui.cat\/wordpress\/wp-content\/uploads\/2023\/05\/Charte-des-valeurs.pdf\" style=\"border-radius:999px;background-color:#fdc500\">Charte des valeurs du soudaqui<\/a><\/div>\n<\/div>\n\n\n\n<div style=\"height:2rem\" aria-hidden=\"true\" class=\"wp-block-spacer\"><\/div>\n<\/div>\n<\/div>\n\n\n\n<div class=\"wp-block-cover alignfull has-parallax\" style=\"min-height:250px;aspect-ratio:unset;\"><div class=\"wp-block-cover__image-background wp-image-1803 has-parallax\" style=\"background-position:50% 50%;background-image:url(https:\/\/soudaqui.cat\/wordpress\/wp-content\/uploads\/2023\/01\/DSC02384-scaled.jpg)\"><\/div><span aria-hidden=\"true\" class=\"wp-block-cover__background has-background-dim\"><\/span><div class=\"wp-block-cover__inner-container is-layout-flow wp-block-cover-is-layout-flow\">\n<p class=\"has-text-align-center has-large-font-size\"><\/p>\n<\/div><\/div>\n\n\n\n<div style=\"height:2em\" aria-hidden=\"true\" class=\"wp-block-spacer cach\u00e9\"><\/div>\n\n\n\n<h2 class=\"wp-block-heading has-text-align-center cach\u00e9\">Ne ratez pas nos derni\u00e8res lettres d&#8217;info<\/h2>\n\n\n\n<div style=\"height:2em\" aria-hidden=\"true\" class=\"wp-block-spacer cach\u00e9\"><\/div>\n\n\n\n<div class=\"wp-block-columns are-vertically-aligned-top cach\u00e9 is-layout-flex wp-container-core-columns-is-layout-9d6595d7 wp-block-columns-is-layout-flex\">\n<div class=\"wp-block-column is-vertically-aligned-top is-layout-flow wp-block-column-is-layout-flow\">\n<div class=\"wp-block-buttons is-layout-flex wp-block-buttons-is-layout-flex\">\n<div class=\"wp-block-button aligncenter\"><a class=\"wp-block-button__link has-background wp-element-button\" href=\"https:\/\/soudaqui.cat\/wordpress\/wp-content\/uploads\/2023\/02\/Printemps-2022.pdf\" style=\"border-radius:999px;background-color:#b60d1c\" target=\"_blank\" rel=\"noreferrer noopener\">Printemps 2022<\/a><\/div>\n<\/div>\n<\/div>\n\n\n\n<div class=\"wp-block-column is-vertically-aligned-top is-layout-flow wp-block-column-is-layout-flow\">\n<div class=\"wp-block-buttons is-layout-flex wp-block-buttons-is-layout-flex\">\n<div class=\"wp-block-button aligncenter\"><a class=\"wp-block-button__link has-nv-dark-bg-color has-text-color has-background wp-element-button\" href=\"https:\/\/soudaqui.cat\/wordpress\/wp-content\/uploads\/2023\/02\/Soiree-Soudaqui-Septembre-2022.pdf\" style=\"border-radius:999px;background-color:#fdc500\" target=\"_blank\" rel=\"noreferrer noopener\">Soir\u00e9e Soudaqui Septembre 2022<\/a><\/div>\n<\/div>\n<\/div>\n\n\n\n<div class=\"wp-block-column is-vertically-aligned-top is-layout-flow wp-block-column-is-layout-flow\">\n<div class=\"wp-block-buttons is-layout-flex wp-block-buttons-is-layout-flex\">\n<div class=\"wp-block-button aligncenter\"><a class=\"wp-block-button__link has-nv-text-dark-bg-color has-text-color has-background wp-element-button\" href=\"https:\/\/soudaqui.cat\/wordpress\/wp-content\/uploads\/2023\/02\/ete-2022.pdf\" style=\"border-radius:999px;background-color:#b60d1c\" target=\"_blank\" rel=\"noreferrer noopener\"><span style=\"color:var(--nv-text-dark-bg)\" class=\"tadv-color\">\u00c9t\u00e9 2022<\/span><\/a><\/div>\n<\/div>\n<\/div>\n<\/div>\n\n\n\n<div style=\"height:2em\" aria-hidden=\"true\" class=\"wp-block-spacer\"><\/div>\n\n\n\n<h3 class=\"wp-block-heading alignfull has-text-align-center padding-grand has-nv-dark-bg-color has-nv-light-bg-background-color has-text-color has-background\"><span class=\"tadv-color\" style=\"color:var(--nv-dark-bg)\"><a href=\"https:\/\/www.helloasso.com\/associations\/mlcpo\/adhesions\/adhesion-readhesion-2026\" target=\"_blank\" rel=\"noreferrer noopener\">Adh\u00e9rer au Soudaqui<\/a><\/span><\/h3>\n\n\n\n<h3 class=\"wp-block-heading alignfull has-text-align-center padding-grand has-nv-dark-bg-color has-nv-light-bg-background-color has-text-color has-background\"><span class=\"tadv-color\" style=\"color:var(--nv-dark-bg)\"><a href=\"https:\/\/www.helloasso.com\/associations\/mlcpo\/paiements\/acheter-des-soudaquis\/widget\" target=\"_blank\" rel=\"noreferrer noopener\">Commander de<\/a><\/span><a href=\"https:\/\/www.helloasso.com\/associations\/mlcpo\/paiements\/acheter-des-soudaquis\/widget\" target=\"_blank\" rel=\"noreferrer noopener\"><span class=\"tadv-color\" style=\"color:var(--nv-dark-bg)\">s<\/span><\/a><span class=\"tadv-color\" style=\"color:var(--nv-dark-bg)\"><a href=\"https:\/\/www.helloasso.com\/associations\/mlcpo\/paiements\/acheter-des-soudaquis\/widget\" target=\"_blank\" rel=\"noreferrer noopener\"> Soudaqui<\/a><\/span>s<\/h3>\n\n\n\n<h3 class=\"wp-block-heading alignfull has-text-align-center padding-grand has-nv-dark-bg-color has-nv-light-bg-background-color has-text-color has-background\"><span class=\"tadv-color\" style=\"color:var(--nv-dark-bg)\">Suivre notre page <a href=\"http:\/\/facebook.com\/elsoudaqui\">Facebook<\/a> et notre compte <a href=\"https:\/\/www.instagram.com\/soudaqui.po\/\">Instagram<\/a> <\/span><\/h3>\n","protected":false},"excerpt":{"rendered":"<p>Actualit\u00e9s : Le soudaqui c&#8217;est reparti ! Pensez \u00e0 adh\u00e9rer ou r\u00e9adherer c&#8217;est important pour que notre monnaie vive. C&#8217;est reparti ! Lors de la derni\u00e8re AG, le 18 avril pass\u00e9, nous avons d\u00e9cid\u00e9 de continuer \u00e0 faire vivre le Soudaqui.\u00a0 Tout d&#8217;abord il nous faut relancer les adh\u00e9sions des prestataires et des utilisateurs pour&hellip;&nbsp;<a href=\"https:\/\/soudaqui.cat\/wordpress\/\" rel=\"bookmark\">Lire la suite &raquo;<span class=\"screen-reader-text\">Accueil<\/span><\/a><\/p>\n","protected":false},"author":3,"featured_media":0,"parent":0,"menu_order":0,"comment_status":"closed","ping_status":"closed","template":"page-templates\/template-pagebuilder-full-width.php","meta":{"neve_meta_sidebar":"left","neve_meta_container":"full-width","neve_meta_enable_content_width":"","neve_meta_content_width":70,"neve_meta_title_alignment":"","neve_meta_author_avatar":"","neve_post_elements_order":"","neve_meta_disable_header":"off","neve_meta_disable_footer":"","neve_meta_disable_title":"","jetpack_post_was_ever_published":false,"footnotes":""},"class_list":["post-1739","page","type-page","status-publish","hentry"],"jetpack_shortlink":"https:\/\/wp.me\/P68UOj-s3","jetpack_sharing_enabled":true,"_links":{"self":[{"href":"https:\/\/soudaqui.cat\/wordpress\/wp-json\/wp\/v2\/pages\/1739","targetHints":{"allow":["GET"]}}],"collection":[{"href":"https:\/\/soudaqui.cat\/wordpress\/wp-json\/wp\/v2\/pages"}],"about":[{"href":"https:\/\/soudaqui.cat\/wordpress\/wp-json\/wp\/v2\/types\/page"}],"author":[{"embeddable":true,"href":"https:\/\/soudaqui.cat\/wordpress\/wp-json\/wp\/v2\/users\/3"}],"replies":[{"embeddable":true,"href":"https:\/\/soudaqui.cat\/wordpress\/wp-json\/wp\/v2\/comments?post=1739"}],"version-history":[{"count":157,"href":"https:\/\/soudaqui.cat\/wordpress\/wp-json\/wp\/v2\/pages\/1739\/revisions"}],"predecessor-version":[{"id":2389,"href":"https:\/\/soudaqui.cat\/wordpress\/wp-json\/wp\/v2\/pages\/1739\/revisions\/2389"}],"wp:attachment":[{"href":"https:\/\/soudaqui.cat\/wordpress\/wp-json\/wp\/v2\/media?parent=1739"}],"curies":[{"name":"wp","href":"https:\/\/api.w.org\/{rel}","templated":true}]}}