

{"id":15,"date":"2015-02-24T16:57:34","date_gmt":"2015-02-24T16:57:34","guid":{"rendered":"http:\/\/monnaielocale66.fr\/wordpress\/?page_id=15"},"modified":"2020-05-05T14:49:37","modified_gmt":"2020-05-05T12:49:37","slug":"accueil","status":"publish","type":"page","link":"https:\/\/soudaqui.cat\/wordpress\/accueil\/","title":{"rendered":"<center><b>Bienvenue sur le site de la monnaie locale des P-O<\/b><\/center>"},"content":{"rendered":"<p style=\"text-align: center;\">\n<h1 style=\"text-align: center;\"><span style=\"color: #99cc00;\"><strong><span style=\"text-decoration: underline;\"><span class=\"\">D\u00e9couvrez les Soudaquis !<\/span><\/span><\/strong><\/span><\/h1>\n<p>Merci \u00e0 <strong>D\u00e9borah Pilleri<\/strong>, jeune graphiste d&#8217;ici (&#8220;9\u00e8me Sens&#8221;, St Feliu d&#8217;amont), pour son travail de cr\u00e9ation et de modification du visuel de nos futurs billets.<\/p>\n<\/p>\n<table width=\"100%\">\n<tbody>\n<tr>\n<td style=\"text-align: center;\"><img data-recalc-dims=\"1\" loading=\"lazy\" decoding=\"async\" class=\"alignnone\" title=\"\" src=\"https:\/\/i0.wp.com\/soudaqui.cat\/JPG\/soudaqui-V1-05-16-3.jpg?resize=400%2C236\" alt=\"\" width=\"400\" height=\"236\" \/><\/td>\n<td style=\"text-align: center;\"><img data-recalc-dims=\"1\" loading=\"lazy\" decoding=\"async\" class=\"alignnone\" title=\"\" src=\"https:\/\/i0.wp.com\/soudaqui.cat\/JPG\/soudaqui-V1-05-16-4.jpg?resize=400%2C236\" alt=\"\" width=\"400\" height=\"236\" \/><\/td>\n<\/tr>\n<tr>\n<td style=\"text-align: center;\"><img data-recalc-dims=\"1\" loading=\"lazy\" decoding=\"async\" class=\"alignnone\" title=\"\" src=\"https:\/\/i0.wp.com\/soudaqui.cat\/JPG\/soudaqui-V1-05-16-1.jpg?resize=400%2C236\" alt=\"\" width=\"400\" height=\"236\" \/><\/td>\n<td style=\"text-align: center;\"><img data-recalc-dims=\"1\" loading=\"lazy\" decoding=\"async\" class=\"alignnone\" title=\"\" src=\"https:\/\/i0.wp.com\/soudaqui.cat\/JPG\/soudaqui-V1-05-16-2.jpg?resize=400%2C236\" alt=\"\" width=\"400\" height=\"236\" \/><\/td>\n<\/tr>\n<tr>\n<td style=\"text-align: center;\"><img data-recalc-dims=\"1\" loading=\"lazy\" decoding=\"async\" class=\"alignnone\" title=\"\" src=\"https:\/\/i0.wp.com\/soudaqui.cat\/JPG\/soudaqui-V1-05-16-9.jpg?resize=400%2C236\" alt=\"\" width=\"400\" height=\"236\" \/><\/td>\n<td style=\"text-align: center;\"><img data-recalc-dims=\"1\" loading=\"lazy\" decoding=\"async\" class=\"alignnone\" title=\"\" src=\"https:\/\/i0.wp.com\/soudaqui.cat\/JPG\/soudaqui-V1-05-16-10.jpg?resize=400%2C236\" alt=\"\" width=\"400\" height=\"236\" \/><\/td>\n<\/tr>\n<tr>\n<td style=\"text-align: center;\"><img data-recalc-dims=\"1\" loading=\"lazy\" decoding=\"async\" class=\"alignnone\" title=\"\" src=\"https:\/\/i0.wp.com\/soudaqui.cat\/JPG\/soudaqui-V1-05-16-5.jpg?resize=400%2C236\" alt=\"\" width=\"400\" height=\"236\" \/><\/td>\n<td style=\"text-align: center;\"><img data-recalc-dims=\"1\" loading=\"lazy\" decoding=\"async\" class=\"alignnone\" title=\"\" src=\"https:\/\/i0.wp.com\/soudaqui.cat\/JPG\/soudaqui-V1-05-16-6.jpg?resize=400%2C236\" alt=\"\" width=\"400\" height=\"236\" \/><\/td>\n<\/tr>\n<tr>\n<td style=\"text-align: center;\"><img data-recalc-dims=\"1\" loading=\"lazy\" decoding=\"async\" class=\"alignnone\" title=\"\" src=\"https:\/\/i0.wp.com\/soudaqui.cat\/JPG\/soudaqui-V1-05-16-7.jpg?resize=400%2C236\" alt=\"\" width=\"400\" height=\"236\" \/><\/td>\n<td style=\"text-align: center;\"><img data-recalc-dims=\"1\" loading=\"lazy\" decoding=\"async\" class=\"alignnone\" title=\"\" src=\"https:\/\/i0.wp.com\/soudaqui.cat\/JPG\/soudaqui-V1-05-16-8.jpg?resize=400%2C236\" alt=\"\" width=\"400\" height=\"236\" \/><\/td>\n<\/tr>\n<\/tbody>\n<\/table>\n<p style=\"text-align: center;\">\n<div style=\"background-color: #e4f0bb; text-align: center;\">\n<h2 style=\"text-align: center;\"><\/h2>\n<h2 style=\"text-align: center;\"><a href=\"http:\/\/www.rtl2.fr\/actu\/regions\/le-soudaqui-future-monnaie-locale-catalane-l-info-rtl2-7778880487\" target=\"_blank\" rel=\"noopener noreferrer\">\u00c9coutez l&#8217;interview de Sandra et Charles sur RTL2<\/a><\/h2>\n<h2 style=\"text-align: center;\"><\/h2>\n<\/div>\n<div id=\"magicdomid6\" class=\"\" style=\"text-align: center;\">\n<h3><\/h3>\n<h3><span style=\"color: #779e03;\"><span class=\"\">Vous voulez <\/span><span class=\"b\"><b>utiliser la monnaie <\/b><\/span><span class=\"\">?<\/span><\/span><\/h3>\n<p><span class=\"\"><span class=\"\"><span class=\"\">Devenez adh\u00e9rent d\u00e8s maintenant pour <a title=\"Devenir adh\u00e9rent\" href=\"http:\/\/soudaqui.cat\/wordpress\/?page_id=55\">nous soutenir<\/a>.<\/span><\/span><\/span><\/p>\n<div id=\"magicdomid6\" class=\"\">\n<h3><span style=\"color: #779e03;\"><span class=\"\">Vous voulez <\/span><span class=\"b\"><b>participer au d\u00e9veloppement de la monnaie ?<\/b><\/span><\/span><\/h3>\n<p><span class=\"\">Rejoignez le groupe des initiateurs en participant au coll\u00e8ge des membres fondateurs et membres actifs.<br \/>\n<a title=\"Participer aux r\u00e9unions\" href=\"http:\/\/soudaqui.cat\/wordpress\/?page_id=139\">Participer aux r\u00e9unions.<\/a><\/span><span class=\"author-g-mkdbxxl2cw2h33jl\"><br \/>\n<\/span><\/p>\n<\/div>\n<h3><span style=\"color: #779e03;\"><span class=\"\">Vous voulez <\/span><span class=\"b\"><b>accepter la monnaie comme moyen de paiement <\/b><\/span><span class=\"\">?<\/span><\/span><\/h3>\n<p><span class=\"\">Signalez-vous \u00e0 l&#8217;adresse suivante comme candidat prestataire: contact@souda<\/span><span class=\"author-g-wxz122z8pschll5ra9gz122z\">qui<\/span><span class=\"\">.cat<br \/>\n<\/span><a title=\"Devenir prestataire\" href=\"http:\/\/soudaqui.cat\/wordpress\/?page_id=57\"><span class=\"\">En savoir plus.<\/span><\/a><\/p>\n<p><span class=\"b\"><a title=\"Liste d\u2019information\" href=\"http:\/\/soudaqui.cat\/wordpress\/?page_id=47\">S&#8217;inscrire \u00e0 la liste d&#8217;information<\/a><br \/>\n<\/span><\/p>\n<h3>&gt;&gt;&gt; <a title=\"Pourquoi une monnaie locale?\" href=\"http:\/\/soudaqui.cat\/wordpress\/?page_id=29\">Comprendre : Pourquoi une monnaie locale ?<\/a><\/h3>\n<\/div>\n","protected":false},"excerpt":{"rendered":"<p>D\u00e9couvrez les Soudaquis ! Merci \u00e0 D\u00e9borah Pilleri, jeune graphiste d&#8217;ici (&#8220;9\u00e8me Sens&#8221;, St Feliu d&#8217;amont), pour son travail de cr\u00e9ation et de modification du visuel de nos futurs billets. \u00c9coutez l&#8217;interview de Sandra et Charles sur RTL2 Vous voulez utiliser la monnaie ? Devenez adh\u00e9rent d\u00e8s maintenant pour nous soutenir. Vous voulez participer au&hellip;&nbsp;<a href=\"https:\/\/soudaqui.cat\/wordpress\/accueil\/\" rel=\"bookmark\">Read More &raquo;<span class=\"screen-reader-text\"><center><b>Bienvenue sur le site de la monnaie locale des P-O<\/b><\/center><\/span><\/a><\/p>\n","protected":false},"author":1,"featured_media":0,"parent":0,"menu_order":0,"comment_status":"closed","ping_status":"open","template":"","meta":{"neve_meta_sidebar":"","neve_meta_container":"","neve_meta_enable_content_width":"","neve_meta_content_width":0,"neve_meta_title_alignment":"","neve_meta_author_avatar":"","neve_post_elements_order":"","neve_meta_disable_header":"","neve_meta_disable_footer":"","neve_meta_disable_title":"","jetpack_post_was_ever_published":false,"footnotes":""},"class_list":["post-15","page","type-page","status-publish","hentry"],"jetpack_shortlink":"https:\/\/wp.me\/P68UOj-f","jetpack_sharing_enabled":true,"_links":{"self":[{"href":"https:\/\/soudaqui.cat\/wordpress\/wp-json\/wp\/v2\/pages\/15","targetHints":{"allow":["GET"]}}],"collection":[{"href":"https:\/\/soudaqui.cat\/wordpress\/wp-json\/wp\/v2\/pages"}],"about":[{"href":"https:\/\/soudaqui.cat\/wordpress\/wp-json\/wp\/v2\/types\/page"}],"author":[{"embeddable":true,"href":"https:\/\/soudaqui.cat\/wordpress\/wp-json\/wp\/v2\/users\/1"}],"replies":[{"embeddable":true,"href":"https:\/\/soudaqui.cat\/wordpress\/wp-json\/wp\/v2\/comments?post=15"}],"version-history":[{"count":280,"href":"https:\/\/soudaqui.cat\/wordpress\/wp-json\/wp\/v2\/pages\/15\/revisions"}],"predecessor-version":[{"id":1594,"href":"https:\/\/soudaqui.cat\/wordpress\/wp-json\/wp\/v2\/pages\/15\/revisions\/1594"}],"wp:attachment":[{"href":"https:\/\/soudaqui.cat\/wordpress\/wp-json\/wp\/v2\/media?parent=15"}],"curies":[{"name":"wp","href":"https:\/\/api.w.org\/{rel}","templated":true}]}}