

{"id":143,"date":"2015-02-26T20:57:19","date_gmt":"2015-02-26T20:57:19","guid":{"rendered":"http:\/\/monnaielocale66.fr\/wordpress\/?page_id=143"},"modified":"2015-05-04T15:14:05","modified_gmt":"2015-05-04T14:14:05","slug":"commenter-via-le-site","status":"publish","type":"page","link":"https:\/\/soudaqui.cat\/wordpress\/commenter-via-le-site\/","title":{"rendered":"Commenter via le site"},"content":{"rendered":"<p>&nbsp;<\/p>\n<p>N&#8217;h\u00e9sitez pas \u00e0 laisser vos commentaires sur cette page.<\/p>\n<p><strong>NB: les commentaires sont mod\u00e9r\u00e9s a priori.<\/strong><\/p>\n","protected":false},"excerpt":{"rendered":"<p>&nbsp; N&#8217;h\u00e9sitez pas \u00e0 laisser vos commentaires sur cette page. NB: les commentaires sont mod\u00e9r\u00e9s a priori.<\/p>\n","protected":false},"author":1,"featured_media":0,"parent":0,"menu_order":0,"comment_status":"open","ping_status":"open","template":"","meta":{"neve_meta_sidebar":"","neve_meta_container":"","neve_meta_enable_content_width":"","neve_meta_content_width":0,"neve_meta_title_alignment":"","neve_meta_author_avatar":"","neve_post_elements_order":"","neve_meta_disable_header":"","neve_meta_disable_footer":"","neve_meta_disable_title":"","jetpack_post_was_ever_published":false,"footnotes":""},"class_list":["post-143","page","type-page","status-publish","hentry"],"jetpack_shortlink":"https:\/\/wp.me\/P68UOj-2j","jetpack_sharing_enabled":true,"_links":{"self":[{"href":"https:\/\/soudaqui.cat\/wordpress\/wp-json\/wp\/v2\/pages\/143","targetHints":{"allow":["GET"]}}],"collection":[{"href":"https:\/\/soudaqui.cat\/wordpress\/wp-json\/wp\/v2\/pages"}],"about":[{"href":"https:\/\/soudaqui.cat\/wordpress\/wp-json\/wp\/v2\/types\/page"}],"author":[{"embeddable":true,"href":"https:\/\/soudaqui.cat\/wordpress\/wp-json\/wp\/v2\/users\/1"}],"replies":[{"embeddable":true,"href":"https:\/\/soudaqui.cat\/wordpress\/wp-json\/wp\/v2\/comments?post=143"}],"version-history":[{"count":4,"href":"https:\/\/soudaqui.cat\/wordpress\/wp-json\/wp\/v2\/pages\/143\/revisions"}],"predecessor-version":[{"id":584,"href":"https:\/\/soudaqui.cat\/wordpress\/wp-json\/wp\/v2\/pages\/143\/revisions\/584"}],"wp:attachment":[{"href":"https:\/\/soudaqui.cat\/wordpress\/wp-json\/wp\/v2\/media?parent=143"}],"curies":[{"name":"wp","href":"https:\/\/api.w.org\/{rel}","templated":true}]}}